{"id":5923,"date":"2022-04-04T11:02:21","date_gmt":"2022-04-04T09:02:21","guid":{"rendered":"https:\/\/syzax.com\/axes-lineaires\/"},"modified":"2022-04-04T14:17:30","modified_gmt":"2022-04-04T12:17:30","slug":"axes-lineaires","status":"publish","type":"page","link":"https:\/\/syzax.com\/fr\/axes-lineaires\/","title":{"rendered":"Axes lin\u00e9aires"},"content":{"rendered":"\t\t<div data-elementor-type=\"wp-page\" data-elementor-id=\"5923\" class=\"elementor elementor-5923 elementor-5494\">\n\t\t\t\t\t\t<section class=\"elementor-section elementor-top-section elementor-element elementor-element-1502ccf elementor-section-boxed elementor-section-height-default elementor-section-height-default elementor-invisible\" data-id=\"1502ccf\" data-element_type=\"section\" data-settings=\"{&quot;animation&quot;:&quot;zoomIn&quot;}\">\n\t\t\t\t\t\t<div class=\"elementor-container elementor-column-gap-default\">\n\t\t\t\t\t<div class=\"elementor-column elementor-col-100 elementor-top-column elementor-element elementor-element-44372cf\" data-id=\"44372cf\" data-element_type=\"column\">\n\t\t\t<div class=\"elementor-widget-wrap elementor-element-populated\">\n\t\t\t\t\t\t<div class=\"elementor-element elementor-element-b6ab41c elementor-widget elementor-widget-image\" data-id=\"b6ab41c\" data-element_type=\"widget\" data-widget_type=\"image.default\">\n\t\t\t\t<div class=\"elementor-widget-container\">\n\t\t\t\t\t\t\t\t\t\t\t\t\t<img fetchpriority=\"high\" decoding=\"async\" width=\"800\" height=\"179\" src=\"https:\/\/syzax.com\/wp-content\/uploads\/2022\/03\/linear-axis-SYZAX-generic-1.jpg\" class=\"attachment-large size-large wp-image-5548\" alt=\"linear axis SYZAX generic\" srcset=\"https:\/\/syzax.com\/wp-content\/uploads\/2022\/03\/linear-axis-SYZAX-generic-1.jpg 800w, https:\/\/syzax.com\/wp-content\/uploads\/2022\/03\/linear-axis-SYZAX-generic-1-768x172.jpg 768w\" sizes=\"(max-width: 800px) 100vw, 800px\" \/>\t\t\t\t\t\t\t\t\t\t\t\t\t<\/div>\n\t\t\t\t<\/div>\n\t\t\t\t\t<\/div>\n\t\t<\/div>\n\t\t\t\t\t<\/div>\n\t\t<\/section>\n\t\t\t\t<section class=\"elementor-section elementor-top-section elementor-element elementor-element-896adfd elementor-section-boxed elementor-section-height-default elementor-section-height-default\" data-id=\"896adfd\" data-element_type=\"section\">\n\t\t\t\t\t\t<div class=\"elementor-container elementor-column-gap-default\">\n\t\t\t\t\t<div class=\"elementor-column elementor-col-33 elementor-top-column elementor-element elementor-element-3e4ee68 elementor-invisible\" data-id=\"3e4ee68\" data-element_type=\"column\" data-settings=\"{&quot;animation&quot;:&quot;fadeInLeft&quot;}\">\n\t\t\t<div class=\"elementor-widget-wrap elementor-element-populated\">\n\t\t\t\t\t\t<div class=\"elementor-element elementor-element-b6c698b elementor-position-top elementor-widget elementor-widget-image-box\" data-id=\"b6c698b\" data-element_type=\"widget\" data-widget_type=\"image-box.default\">\n\t\t\t\t<div class=\"elementor-widget-container\">\n\t\t\t<div class=\"elementor-image-box-wrapper\"><figure class=\"elementor-image-box-img\"><a href=\"https:\/\/syzax.com\/fr\/axes-lineaires\/axe-lineaire-syzax-smart\/\" tabindex=\"-1\"><img decoding=\"async\" width=\"200\" height=\"45\" src=\"https:\/\/syzax.com\/wp-content\/uploads\/2022\/03\/linear-axis-syzax-smart-range-0.jpg\" class=\"attachment-full size-full wp-image-5536\" alt=\"Axe lin\u00e9aire SYZAX SMART gamme\" \/><\/a><\/figure><div class=\"elementor-image-box-content\"><h2 class=\"elementor-image-box-title\"><a href=\"https:\/\/syzax.com\/fr\/axes-lineaires\/axe-lineaire-syzax-smart\/\">Axe lin\u00e9aire <em>SYZAX SMART<\/em><\/a><\/h2><p class=\"elementor-image-box-description\">Les modules SYZAX SMART <strong>b\u00e9n\u00e9ficient de la m\u00eame conception monolithique et \u00e9pur\u00e9e<\/strong> que les SYZAX HEAVY et COMPACT et sont disponibles en 4 versions de chariots et de performances.<\/p><\/div><\/div>\t\t<\/div>\n\t\t\t\t<\/div>\n\t\t\t\t<div class=\"elementor-element elementor-element-1701bf8 elementor-align-center elementor-widget elementor-widget-button\" data-id=\"1701bf8\" data-element_type=\"widget\" data-widget_type=\"button.default\">\n\t\t\t\t<div class=\"elementor-widget-container\">\n\t\t\t\t\t\t\t<div class=\"elementor-button-wrapper\">\n\t\t\t\t\t<a class=\"elementor-button elementor-button-link elementor-size-sm\" href=\"https:\/\/syzax.com\/fr\/axes-lineaires\/axe-lineaire-syzax-smart\/\">\n\t\t\t\t\t\t<span class=\"elementor-button-content-wrapper\">\n\t\t\t\t\t\t<span class=\"elementor-button-icon\">\n\t\t\t\t<i aria-hidden=\"true\" class=\"far fa-arrow-alt-circle-right\"><\/i>\t\t\t<\/span>\n\t\t\t\t\t\t\t\t\t<span class=\"elementor-button-text\">D\u00e9couvrez l'axe lin\u00e9aire <em>SYZAX SMART<\/em><\/span>\n\t\t\t\t\t<\/span>\n\t\t\t\t\t<\/a>\n\t\t\t\t<\/div>\n\t\t\t\t\t\t<\/div>\n\t\t\t\t<\/div>\n\t\t\t\t\t<\/div>\n\t\t<\/div>\n\t\t\t\t<div class=\"elementor-column elementor-col-33 elementor-top-column elementor-element elementor-element-117e654 elementor-invisible\" data-id=\"117e654\" data-element_type=\"column\" data-settings=\"{&quot;animation&quot;:&quot;fadeInUp&quot;}\">\n\t\t\t<div class=\"elementor-widget-wrap elementor-element-populated\">\n\t\t\t\t\t\t<div class=\"elementor-element elementor-element-43c57db elementor-position-top elementor-widget elementor-widget-image-box\" data-id=\"43c57db\" data-element_type=\"widget\" data-widget_type=\"image-box.default\">\n\t\t\t\t<div class=\"elementor-widget-container\">\n\t\t\t<div class=\"elementor-image-box-wrapper\"><figure class=\"elementor-image-box-img\"><a href=\"https:\/\/syzax.com\/fr\/axes-lineaires\/axe-lineaire-syzax-compact\/\" tabindex=\"-1\"><img decoding=\"async\" width=\"200\" height=\"54\" src=\"https:\/\/syzax.com\/wp-content\/uploads\/2022\/03\/linear-axis-syzax-compact-range-0.jpg\" class=\"attachment-full size-full wp-image-5528\" alt=\"Axe lin\u00e9aire SYZAX COMPACT gamme\" \/><\/a><\/figure><div class=\"elementor-image-box-content\"><h2 class=\"elementor-image-box-title\"><a href=\"https:\/\/syzax.com\/fr\/axes-lineaires\/axe-lineaire-syzax-compact\/\">Axe lin\u00e9aire <em>SYZAX COMPACT<\/em><\/a><\/h2><p class=\"elementor-image-box-description\">Les modules lin\u00e9aires de type COMPACT forment le milieu de la gamme SYZAX. Les modules SYZAX COMPACT <strong> offrent les m\u00eames forces que les<\/strong> SYZAX HEAVY et sont disponibles en 6 versions de chariots et de performances.<\/p><\/div><\/div>\t\t<\/div>\n\t\t\t\t<\/div>\n\t\t\t\t<div class=\"elementor-element elementor-element-4a7d264 elementor-align-center elementor-widget elementor-widget-button\" data-id=\"4a7d264\" data-element_type=\"widget\" data-widget_type=\"button.default\">\n\t\t\t\t<div class=\"elementor-widget-container\">\n\t\t\t\t\t\t\t<div class=\"elementor-button-wrapper\">\n\t\t\t\t\t<a class=\"elementor-button elementor-button-link elementor-size-sm\" href=\"https:\/\/syzax.com\/fr\/axes-lineaires\/axe-lineaire-syzax-compact\/\">\n\t\t\t\t\t\t<span class=\"elementor-button-content-wrapper\">\n\t\t\t\t\t\t<span class=\"elementor-button-icon\">\n\t\t\t\t<i aria-hidden=\"true\" class=\"far fa-arrow-alt-circle-right\"><\/i>\t\t\t<\/span>\n\t\t\t\t\t\t\t\t\t<span class=\"elementor-button-text\">D\u00e9couvrez l'axe lin\u00e9aire <em>SYZAX COMPACT<\/em><\/span>\n\t\t\t\t\t<\/span>\n\t\t\t\t\t<\/a>\n\t\t\t\t<\/div>\n\t\t\t\t\t\t<\/div>\n\t\t\t\t<\/div>\n\t\t\t\t\t<\/div>\n\t\t<\/div>\n\t\t\t\t<div class=\"elementor-column elementor-col-33 elementor-top-column elementor-element elementor-element-0b3aca4 elementor-invisible\" data-id=\"0b3aca4\" data-element_type=\"column\" data-settings=\"{&quot;animation&quot;:&quot;fadeInRight&quot;}\">\n\t\t\t<div class=\"elementor-widget-wrap elementor-element-populated\">\n\t\t\t\t\t\t<div class=\"elementor-element elementor-element-b9b8cf9 elementor-position-top elementor-widget elementor-widget-image-box\" data-id=\"b9b8cf9\" data-element_type=\"widget\" data-widget_type=\"image-box.default\">\n\t\t\t\t<div class=\"elementor-widget-container\">\n\t\t\t<div class=\"elementor-image-box-wrapper\"><figure class=\"elementor-image-box-img\"><a href=\"https:\/\/syzax.com\/fr\/axes-lineaires\/axe-lineaire-syzax-heavy\/\" tabindex=\"-1\"><img loading=\"lazy\" decoding=\"async\" width=\"200\" height=\"63\" src=\"https:\/\/syzax.com\/wp-content\/uploads\/2022\/03\/linear-axis-syzax-heavy-range-0.jpg\" class=\"attachment-full size-full wp-image-5532\" alt=\"Axe lin\u00e9aire SYZAX HEAVY gamme\" \/><\/a><\/figure><div class=\"elementor-image-box-content\"><h2 class=\"elementor-image-box-title\"><a href=\"https:\/\/syzax.com\/fr\/axes-lineaires\/axe-lineaire-syzax-heavy\/\">Axe lin\u00e9aire <em>SYZAX HEAVY<\/em><\/a><\/h2><p class=\"elementor-image-box-description\">Les modules lin\u00e9aires de type HEAVY sont les plus robustes de toute la gamme SYZAX. Con\u00e7us pour des applications n\u00e9cessitant <strong>des forces et des rigidit\u00e9s \u00e9lev\u00e9es dans des encombrements limit\u00e9s<\/strong>, les modules SYZAX HEAVY sont disponibles en 6 versions de chariots et de performances.<\/p><\/div><\/div>\t\t<\/div>\n\t\t\t\t<\/div>\n\t\t\t\t<div class=\"elementor-element elementor-element-0ca789a elementor-align-center elementor-widget elementor-widget-button\" data-id=\"0ca789a\" data-element_type=\"widget\" data-widget_type=\"button.default\">\n\t\t\t\t<div class=\"elementor-widget-container\">\n\t\t\t\t\t\t\t<div class=\"elementor-button-wrapper\">\n\t\t\t\t\t<a class=\"elementor-button elementor-button-link elementor-size-sm\" href=\"https:\/\/syzax.com\/fr\/axes-lineaires\/axe-lineaire-syzax-heavy\/\">\n\t\t\t\t\t\t<span class=\"elementor-button-content-wrapper\">\n\t\t\t\t\t\t<span class=\"elementor-button-icon\">\n\t\t\t\t<i aria-hidden=\"true\" class=\"far fa-arrow-alt-circle-right\"><\/i>\t\t\t<\/span>\n\t\t\t\t\t\t\t\t\t<span class=\"elementor-button-text\">D\u00e9couvrez l'axe lin\u00e9aire <em>SYZAX HEAVY<\/em><\/span>\n\t\t\t\t\t<\/span>\n\t\t\t\t\t<\/a>\n\t\t\t\t<\/div>\n\t\t\t\t\t\t<\/div>\n\t\t\t\t<\/div>\n\t\t\t\t\t<\/div>\n\t\t<\/div>\n\t\t\t\t\t<\/div>\n\t\t<\/section>\n\t\t\t\t<section class=\"elementor-section elementor-top-section elementor-element elementor-element-1899eeb cdev_home_first elementor-section-boxed elementor-section-height-default elementor-section-height-default\" data-id=\"1899eeb\" data-element_type=\"section\">\n\t\t\t\t\t\t<div class=\"elementor-container elementor-column-gap-wider\">\n\t\t\t\t\t<div class=\"elementor-column elementor-col-100 elementor-top-column elementor-element elementor-element-b9ed289\" data-id=\"b9ed289\" data-element_type=\"column\">\n\t\t\t<div class=\"elementor-widget-wrap elementor-element-populated\">\n\t\t\t\t\t\t<div class=\"elementor-element elementor-element-ea68569 elementor-widget elementor-widget-video\" data-id=\"ea68569\" data-element_type=\"widget\" data-settings=\"{&quot;video_type&quot;:&quot;hosted&quot;,&quot;controls&quot;:&quot;yes&quot;}\" data-widget_type=\"video.default\">\n\t\t\t\t<div class=\"elementor-widget-container\">\n\t\t\t\t\t<div class=\"e-hosted-video elementor-wrapper elementor-open-inline\">\n\t\t\t\t\t<video class=\"elementor-video\" src=\"https:\/\/syzax.com\/wp-content\/uploads\/videos\/SYZAX-Systeme-axes-modulaires-FR.mp4\" controls=\"\" preload=\"metadata\" poster=\"https:\/\/syzax.com\/wp-content\/uploads\/2022\/03\/SYZAX-previsualisation-video.jpg\"><\/video>\n\t\t\t\t<\/div>\n\t\t\t\t<\/div>\n\t\t\t\t<\/div>\n\t\t\t\t\t<\/div>\n\t\t<\/div>\n\t\t\t\t\t<\/div>\n\t\t<\/section>\n\t\t\t\t<\/div>\n\t\t","protected":false},"excerpt":{"rendered":"<p>Axe lin\u00e9aire SYZAX SMART Les modules SYZAX SMART b\u00e9n\u00e9ficient de la m\u00eame conception monolithique et \u00e9pur\u00e9e que les SYZAX HEAVY et COMPACT et sont disponibles en 4 versions de chariots et de performances. D\u00e9couvrez l&rsquo;axe [&hellip;]<\/p>\n","protected":false},"author":1,"featured_media":0,"parent":0,"menu_order":0,"comment_status":"closed","ping_status":"closed","template":"","meta":{"footnotes":""},"class_list":["post-5923","page","type-page","status-publish","hentry"],"yoast_head":"<!-- This site is optimized with the Yoast SEO plugin v25.1 - https:\/\/yoast.com\/wordpress\/plugins\/seo\/ -->\n<title>Axes lin\u00e9aires - SYZAX<\/title>\n<meta name=\"robots\" content=\"index, follow, max-snippet:-1, max-image-preview:large, max-video-preview:-1\" \/>\n<link rel=\"canonical\" href=\"https:\/\/syzax.com\/fr\/axes-lineaires\/\" \/>\n<meta property=\"og:locale\" content=\"fr_FR\" \/>\n<meta property=\"og:type\" content=\"article\" \/>\n<meta property=\"og:title\" content=\"Axes lin\u00e9aires - SYZAX\" \/>\n<meta property=\"og:description\" content=\"Axe lin\u00e9aire SYZAX SMART Les modules SYZAX SMART b\u00e9n\u00e9ficient de la m\u00eame conception monolithique et \u00e9pur\u00e9e que les SYZAX HEAVY et COMPACT et sont disponibles en 4 versions de chariots et de performances. D\u00e9couvrez l&rsquo;axe [&hellip;]\" \/>\n<meta property=\"og:url\" content=\"https:\/\/syzax.com\/fr\/axes-lineaires\/\" \/>\n<meta property=\"og:site_name\" content=\"SYZAX\" \/>\n<meta property=\"article:modified_time\" content=\"2022-04-04T12:17:30+00:00\" \/>\n<meta property=\"og:image\" content=\"https:\/\/syzax.com\/wp-content\/uploads\/2022\/03\/linear-axis-SYZAX-generic-1.jpg\" \/>\n<meta name=\"twitter:card\" content=\"summary_large_image\" \/>\n<meta name=\"twitter:label1\" content=\"Dur\u00e9e de lecture estim\u00e9e\" \/>\n\t<meta name=\"twitter:data1\" content=\"2 minutes\" \/>\n<script type=\"application\/ld+json\" class=\"yoast-schema-graph\">{\"@context\":\"https:\/\/schema.org\",\"@graph\":[{\"@type\":\"WebPage\",\"@id\":\"https:\/\/syzax.com\/fr\/axes-lineaires\/\",\"url\":\"https:\/\/syzax.com\/fr\/axes-lineaires\/\",\"name\":\"Axes lin\u00e9aires - SYZAX\",\"isPartOf\":{\"@id\":\"https:\/\/syzax.com\/fr\/#website\"},\"primaryImageOfPage\":{\"@id\":\"https:\/\/syzax.com\/fr\/axes-lineaires\/#primaryimage\"},\"image\":{\"@id\":\"https:\/\/syzax.com\/fr\/axes-lineaires\/#primaryimage\"},\"thumbnailUrl\":\"https:\/\/syzax.com\/wp-content\/uploads\/2022\/03\/linear-axis-SYZAX-generic-1.jpg\",\"datePublished\":\"2022-04-04T09:02:21+00:00\",\"dateModified\":\"2022-04-04T12:17:30+00:00\",\"breadcrumb\":{\"@id\":\"https:\/\/syzax.com\/fr\/axes-lineaires\/#breadcrumb\"},\"inLanguage\":\"fr-FR\",\"potentialAction\":[{\"@type\":\"ReadAction\",\"target\":[\"https:\/\/syzax.com\/fr\/axes-lineaires\/\"]}]},{\"@type\":\"ImageObject\",\"inLanguage\":\"fr-FR\",\"@id\":\"https:\/\/syzax.com\/fr\/axes-lineaires\/#primaryimage\",\"url\":\"https:\/\/syzax.com\/wp-content\/uploads\/2022\/03\/linear-axis-SYZAX-generic-1.jpg\",\"contentUrl\":\"https:\/\/syzax.com\/wp-content\/uploads\/2022\/03\/linear-axis-SYZAX-generic-1.jpg\"},{\"@type\":\"BreadcrumbList\",\"@id\":\"https:\/\/syzax.com\/fr\/axes-lineaires\/#breadcrumb\",\"itemListElement\":[{\"@type\":\"ListItem\",\"position\":1,\"name\":\"Accueil\",\"item\":\"https:\/\/syzax.com\/fr\/\"},{\"@type\":\"ListItem\",\"position\":2,\"name\":\"Axes lin\u00e9aires\"}]},{\"@type\":\"WebSite\",\"@id\":\"https:\/\/syzax.com\/fr\/#website\",\"url\":\"https:\/\/syzax.com\/fr\/\",\"name\":\"SYZAX\",\"description\":\"The modular axis system\",\"publisher\":{\"@id\":\"https:\/\/syzax.com\/fr\/#organization\"},\"potentialAction\":[{\"@type\":\"SearchAction\",\"target\":{\"@type\":\"EntryPoint\",\"urlTemplate\":\"https:\/\/syzax.com\/fr\/?s={search_term_string}\"},\"query-input\":{\"@type\":\"PropertyValueSpecification\",\"valueRequired\":true,\"valueName\":\"search_term_string\"}}],\"inLanguage\":\"fr-FR\"},{\"@type\":\"Organization\",\"@id\":\"https:\/\/syzax.com\/fr\/#organization\",\"name\":\"SYZAX | The modular linear axis system\",\"url\":\"https:\/\/syzax.com\/fr\/\",\"logo\":{\"@type\":\"ImageObject\",\"inLanguage\":\"fr-FR\",\"@id\":\"https:\/\/syzax.com\/fr\/#\/schema\/logo\/image\/\",\"url\":\"\",\"contentUrl\":\"\",\"caption\":\"SYZAX | The modular linear axis system\"},\"image\":{\"@id\":\"https:\/\/syzax.com\/fr\/#\/schema\/logo\/image\/\"}}]}<\/script>\n<!-- \/ Yoast SEO plugin. -->","yoast_head_json":{"title":"Axes lin\u00e9aires - SYZAX","robots":{"index":"index","follow":"follow","max-snippet":"max-snippet:-1","max-image-preview":"max-image-preview:large","max-video-preview":"max-video-preview:-1"},"canonical":"https:\/\/syzax.com\/fr\/axes-lineaires\/","og_locale":"fr_FR","og_type":"article","og_title":"Axes lin\u00e9aires - SYZAX","og_description":"Axe lin\u00e9aire SYZAX SMART Les modules SYZAX SMART b\u00e9n\u00e9ficient de la m\u00eame conception monolithique et \u00e9pur\u00e9e que les SYZAX HEAVY et COMPACT et sont disponibles en 4 versions de chariots et de performances. D\u00e9couvrez l&rsquo;axe [&hellip;]","og_url":"https:\/\/syzax.com\/fr\/axes-lineaires\/","og_site_name":"SYZAX","article_modified_time":"2022-04-04T12:17:30+00:00","og_image":[{"url":"https:\/\/syzax.com\/wp-content\/uploads\/2022\/03\/linear-axis-SYZAX-generic-1.jpg","type":"","width":"","height":""}],"twitter_card":"summary_large_image","twitter_misc":{"Dur\u00e9e de lecture estim\u00e9e":"2 minutes"},"schema":{"@context":"https:\/\/schema.org","@graph":[{"@type":"WebPage","@id":"https:\/\/syzax.com\/fr\/axes-lineaires\/","url":"https:\/\/syzax.com\/fr\/axes-lineaires\/","name":"Axes lin\u00e9aires - SYZAX","isPartOf":{"@id":"https:\/\/syzax.com\/fr\/#website"},"primaryImageOfPage":{"@id":"https:\/\/syzax.com\/fr\/axes-lineaires\/#primaryimage"},"image":{"@id":"https:\/\/syzax.com\/fr\/axes-lineaires\/#primaryimage"},"thumbnailUrl":"https:\/\/syzax.com\/wp-content\/uploads\/2022\/03\/linear-axis-SYZAX-generic-1.jpg","datePublished":"2022-04-04T09:02:21+00:00","dateModified":"2022-04-04T12:17:30+00:00","breadcrumb":{"@id":"https:\/\/syzax.com\/fr\/axes-lineaires\/#breadcrumb"},"inLanguage":"fr-FR","potentialAction":[{"@type":"ReadAction","target":["https:\/\/syzax.com\/fr\/axes-lineaires\/"]}]},{"@type":"ImageObject","inLanguage":"fr-FR","@id":"https:\/\/syzax.com\/fr\/axes-lineaires\/#primaryimage","url":"https:\/\/syzax.com\/wp-content\/uploads\/2022\/03\/linear-axis-SYZAX-generic-1.jpg","contentUrl":"https:\/\/syzax.com\/wp-content\/uploads\/2022\/03\/linear-axis-SYZAX-generic-1.jpg"},{"@type":"BreadcrumbList","@id":"https:\/\/syzax.com\/fr\/axes-lineaires\/#breadcrumb","itemListElement":[{"@type":"ListItem","position":1,"name":"Accueil","item":"https:\/\/syzax.com\/fr\/"},{"@type":"ListItem","position":2,"name":"Axes lin\u00e9aires"}]},{"@type":"WebSite","@id":"https:\/\/syzax.com\/fr\/#website","url":"https:\/\/syzax.com\/fr\/","name":"SYZAX","description":"The modular axis system","publisher":{"@id":"https:\/\/syzax.com\/fr\/#organization"},"potentialAction":[{"@type":"SearchAction","target":{"@type":"EntryPoint","urlTemplate":"https:\/\/syzax.com\/fr\/?s={search_term_string}"},"query-input":{"@type":"PropertyValueSpecification","valueRequired":true,"valueName":"search_term_string"}}],"inLanguage":"fr-FR"},{"@type":"Organization","@id":"https:\/\/syzax.com\/fr\/#organization","name":"SYZAX | The modular linear axis system","url":"https:\/\/syzax.com\/fr\/","logo":{"@type":"ImageObject","inLanguage":"fr-FR","@id":"https:\/\/syzax.com\/fr\/#\/schema\/logo\/image\/","url":"","contentUrl":"","caption":"SYZAX | The modular linear axis system"},"image":{"@id":"https:\/\/syzax.com\/fr\/#\/schema\/logo\/image\/"}}]}},"_links":{"self":[{"href":"https:\/\/syzax.com\/fr\/wp-json\/wp\/v2\/pages\/5923","targetHints":{"allow":["GET"]}}],"collection":[{"href":"https:\/\/syzax.com\/fr\/wp-json\/wp\/v2\/pages"}],"about":[{"href":"https:\/\/syzax.com\/fr\/wp-json\/wp\/v2\/types\/page"}],"author":[{"embeddable":true,"href":"https:\/\/syzax.com\/fr\/wp-json\/wp\/v2\/users\/1"}],"replies":[{"embeddable":true,"href":"https:\/\/syzax.com\/fr\/wp-json\/wp\/v2\/comments?post=5923"}],"version-history":[{"count":0,"href":"https:\/\/syzax.com\/fr\/wp-json\/wp\/v2\/pages\/5923\/revisions"}],"wp:attachment":[{"href":"https:\/\/syzax.com\/fr\/wp-json\/wp\/v2\/media?parent=5923"}],"curies":[{"name":"wp","href":"https:\/\/api.w.org\/{rel}","templated":true}]}}