{"id":5146,"date":"2021-03-29T16:46:58","date_gmt":"2021-03-29T14:46:58","guid":{"rendered":"https:\/\/syzax.com\/pourquoi-syzax\/"},"modified":"2022-04-04T14:41:00","modified_gmt":"2022-04-04T12:41:00","slug":"pourquoi-syzax","status":"publish","type":"page","link":"https:\/\/syzax.com\/fr\/pourquoi-syzax\/","title":{"rendered":"Pourquoi SYZAX ?"},"content":{"rendered":"\t\t<div data-elementor-type=\"wp-page\" data-elementor-id=\"5146\" class=\"elementor elementor-5146 elementor-3875\">\n\t\t\t\t\t\t<section class=\"elementor-section elementor-top-section elementor-element elementor-element-ddd5777 elementor-section-boxed elementor-section-height-default elementor-section-height-default\" data-id=\"ddd5777\" data-element_type=\"section\">\n\t\t\t\t\t\t<div class=\"elementor-container elementor-column-gap-default\">\n\t\t\t\t\t<div class=\"elementor-column elementor-col-50 elementor-top-column elementor-element elementor-element-5de6f75\" data-id=\"5de6f75\" data-element_type=\"column\">\n\t\t\t<div class=\"elementor-widget-wrap elementor-element-populated\">\n\t\t\t\t\t\t<div class=\"elementor-element elementor-element-563b4a7 elementor-widget elementor-widget-text-editor\" data-id=\"563b4a7\" data-element_type=\"widget\" data-widget_type=\"text-editor.default\">\n\t\t\t\t<div class=\"elementor-widget-container\">\n\t\t\t\t\t\t\t<p><i>\u00ab\u00a0En tant que responsable technique de plusieurs soci\u00e9t\u00e9s d\u2019automatisation depuis plus de 10 ans maintenant, j\u2019ai particip\u00e9 \u00e0 la conception, au montage, au c\u00e2blage et \u00e0 la programmation de nombreuses machines destin\u00e9es \u00e0 des industries de haute technologie.<\/i><\/p><p><i>Pour mettre en \u0153uvre les mouvements dont j\u2019avais besoin, j\u2019ai int\u00e9gr\u00e9 avec succ\u00e8s <strong>de nombreux types d\u2019axes lin\u00e9aires<\/strong> de plusieurs fabricants diff\u00e9rents. Bien que certains de ces axes soient de bons produits, plus je les utilisais, plus naissait en moi l\u2019envie de cr\u00e9er un <strong>syst\u00e8me d\u2019axes lin\u00e9aires<\/strong> qui r\u00e9unisse sur un seul module toutes les qualit\u00e9s qu\u2019il m\u2019a \u00e9t\u00e9 donn\u00e9 d\u2019appr\u00e9cier durant toutes ces ann\u00e9es, en d\u2019autres termes de cr\u00e9er le meilleur syst\u00e8me d\u2019axes qui soit.<\/i><\/p><p><i>J\u2019ai donc entrepris la conception d\u2019un <strong>syst\u00e8me d\u2019axes lin\u00e9aires<\/strong> qui devait offrir toutes les qualit\u00e9s que je recherchais : fonctionnalit\u00e9, qualit\u00e9, simplicit\u00e9 d\u2019utilisation, modularit\u00e9, fiabilit\u00e9 et performance, tout cela en optimisant les solutions retenues du point de vue de leur co\u00fbt. C\u2019est ainsi que le syst\u00e8me qui vous est offert aujourd\u2019hui est n\u00e9 avec le plus petit nombre possible de pi\u00e8ces et avec un \u00e9norme accent mis sur la durabilit\u00e9 et la maintenabilit\u00e9 du syst\u00e8me.<\/i><\/p><p><i>Ce nouveau syst\u00e8me d\u2019axes a \u00e9t\u00e9 enti\u00e8rement con\u00e7u sous ma responsabilit\u00e9; ses composants sp\u00e9cifiques sont usin\u00e9s par des personnes qualifi\u00e9es que je connais personnellement et les modules sont tous assembl\u00e9s dans nos locaux de Port (F). Cette proximit\u00e9 \u00e0 chaque \u00e9tape de la naissance du produit est pour moi la seule fa\u00e7on d\u2019assurer une fabrication de qualit\u00e9 et marque bien ce qu\u2019est ma philosophie d\u2019ing\u00e9nieur engag\u00e9 pour le bien de ses clients.\u00a0\u00bb<\/i><\/p><p>Voici donc <em>SYZAX<\/em>.<\/p><p style=\"text-align: right;\"><strong>Thomas Burry, Cr\u00e9ateur de <em>SYZAX<\/em>.<\/strong><\/p>\t\t\t\t\t\t<\/div>\n\t\t\t\t<\/div>\n\t\t\t\t\t<\/div>\n\t\t<\/div>\n\t\t\t\t<div class=\"elementor-column elementor-col-50 elementor-top-column elementor-element elementor-element-3552116\" data-id=\"3552116\" data-element_type=\"column\">\n\t\t\t<div class=\"elementor-widget-wrap elementor-element-populated\">\n\t\t\t\t\t\t<div class=\"elementor-element elementor-element-4cef191 elementor-widget elementor-widget-image\" data-id=\"4cef191\" data-element_type=\"widget\" data-widget_type=\"image.default\">\n\t\t\t\t<div class=\"elementor-widget-container\">\n\t\t\t\t\t\t\t\t\t\t<figure class=\"wp-caption\">\n\t\t\t\t\t\t\t\t\t\t<img fetchpriority=\"high\" decoding=\"async\" width=\"800\" height=\"533\" src=\"https:\/\/syzax.com\/wp-content\/uploads\/2020\/12\/syzax-first-prototype.jpg\" class=\"attachment-large size-large wp-image-3631\" alt=\"SYSAX premier prototype test\u00e9 et valid\u00e9, juin 2020\" srcset=\"https:\/\/syzax.com\/wp-content\/uploads\/2020\/12\/syzax-first-prototype.jpg 800w, https:\/\/syzax.com\/wp-content\/uploads\/2020\/12\/syzax-first-prototype-768x512.jpg 768w\" sizes=\"(max-width: 800px) 100vw, 800px\" \/>\t\t\t\t\t\t\t\t\t\t\t<figcaption class=\"widget-image-caption wp-caption-text\">Premier prototype SYZAX test\u00e9 et valid\u00e9, juin 2020<\/figcaption>\n\t\t\t\t\t\t\t\t\t\t<\/figure>\n\t\t\t\t\t\t\t<\/div>\n\t\t\t\t<\/div>\n\t\t\t\t<section class=\"elementor-section elementor-inner-section elementor-element elementor-element-cb4f439 elementor-section-boxed elementor-section-height-default elementor-section-height-default\" data-id=\"cb4f439\" data-element_type=\"section\">\n\t\t\t\t\t\t<div class=\"elementor-container elementor-column-gap-default\">\n\t\t\t\t\t<div class=\"elementor-column elementor-col-66 elementor-inner-column elementor-element elementor-element-3c7b87d\" data-id=\"3c7b87d\" data-element_type=\"column\">\n\t\t\t<div class=\"elementor-widget-wrap elementor-element-populated\">\n\t\t\t\t\t\t<div class=\"elementor-element elementor-element-378af1f elementor-widget elementor-widget-text-editor\" data-id=\"378af1f\" data-element_type=\"widget\" data-widget_type=\"text-editor.default\">\n\t\t\t\t<div class=\"elementor-widget-container\">\n\t\t\t\t\t\t\t<p><strong>SYZAX<\/strong> est commercialis\u00e9 par <a href=\"https:\/\/www.optique-microsystemes.com\/\" target=\"_blank\" rel=\"noopener\">OPUS SA<\/a>.<\/p>\n\t\t\t\t\t\t<\/div>\n\t\t\t\t<\/div>\n\t\t\t\t\t<\/div>\n\t\t<\/div>\n\t\t\t\t<div class=\"elementor-column elementor-col-33 elementor-inner-column elementor-element elementor-element-65a9f52\" data-id=\"65a9f52\" data-element_type=\"column\">\n\t\t\t<div class=\"elementor-widget-wrap elementor-element-populated\">\n\t\t\t\t\t\t<div class=\"elementor-element elementor-element-482ec0f elementor-widget elementor-widget-image\" data-id=\"482ec0f\" data-element_type=\"widget\" data-widget_type=\"image.default\">\n\t\t\t\t<div class=\"elementor-widget-container\">\n\t\t\t\t\t\t\t\t\t\t\t\t\t\t<a href=\"https:\/\/www.optique-microsystemes.com\/\" target=\"_blank\" rel=\"nofollow\">\n\t\t\t\t\t\t\t<img decoding=\"async\" width=\"125\" height=\"50\" src=\"https:\/\/syzax.com\/wp-content\/uploads\/2021\/03\/logo-opus-125x50-1.jpg\" class=\"attachment-large size-large wp-image-4134\" alt=\"logo OP\u00b5S\" \/>\t\t\t\t\t\t\t\t<\/a>\n\t\t\t\t\t\t\t\t\t\t\t\t\t<\/div>\n\t\t\t\t<\/div>\n\t\t\t\t\t<\/div>\n\t\t<\/div>\n\t\t\t\t\t<\/div>\n\t\t<\/section>\n\t\t\t\t\t<\/div>\n\t\t<\/div>\n\t\t\t\t\t<\/div>\n\t\t<\/section>\n\t\t\t\t<\/div>\n\t\t","protected":false},"excerpt":{"rendered":"<p>\u00ab\u00a0En tant que responsable technique de plusieurs soci\u00e9t\u00e9s d\u2019automatisation depuis plus de 10 ans maintenant, j\u2019ai particip\u00e9 \u00e0 la conception, au montage, au c\u00e2blage et \u00e0 la programmation de nombreuses machines destin\u00e9es \u00e0 des industries [&hellip;]<\/p>\n","protected":false},"author":1,"featured_media":0,"parent":0,"menu_order":0,"comment_status":"closed","ping_status":"closed","template":"","meta":{"footnotes":""},"class_list":["post-5146","page","type-page","status-publish","hentry"],"yoast_head":"<!-- This site is optimized with the Yoast SEO plugin v25.1 - https:\/\/yoast.com\/wordpress\/plugins\/seo\/ -->\n<title>Table lin\u00e9aire : syst\u00e8me d&#039;axes lin\u00e9aires modulaires pour l&#039;automatisation - SYZAX<\/title>\n<meta name=\"description\" content=\"Syst\u00e8me d&#039;axes lin\u00e9aires pour la conception de tables lin\u00e9aires. Syst\u00e8me compact, modulaire, puissant et convivial pour l&#039;automatisation.\" \/>\n<meta name=\"robots\" content=\"index, follow, max-snippet:-1, max-image-preview:large, max-video-preview:-1\" \/>\n<link rel=\"canonical\" href=\"https:\/\/syzax.com\/fr\/pourquoi-syzax\/\" \/>\n<meta property=\"og:locale\" content=\"fr_FR\" \/>\n<meta property=\"og:type\" content=\"article\" \/>\n<meta property=\"og:title\" content=\"Table lin\u00e9aire : syst\u00e8me d&#039;axes lin\u00e9aires modulaires pour l&#039;automatisation - SYZAX\" \/>\n<meta property=\"og:description\" content=\"Syst\u00e8me d&#039;axes lin\u00e9aires pour la conception de tables lin\u00e9aires. Syst\u00e8me compact, modulaire, puissant et convivial pour l&#039;automatisation.\" \/>\n<meta property=\"og:url\" content=\"https:\/\/syzax.com\/fr\/pourquoi-syzax\/\" \/>\n<meta property=\"og:site_name\" content=\"SYZAX\" \/>\n<meta property=\"article:modified_time\" content=\"2022-04-04T12:41:00+00:00\" \/>\n<meta property=\"og:image\" content=\"https:\/\/syzax.com\/wp-content\/uploads\/2020\/12\/syzax-first-prototype.jpg\" \/>\n<meta name=\"twitter:card\" content=\"summary_large_image\" \/>\n<meta name=\"twitter:label1\" content=\"Dur\u00e9e de lecture estim\u00e9e\" \/>\n\t<meta name=\"twitter:data1\" content=\"2 minutes\" \/>\n<script type=\"application\/ld+json\" class=\"yoast-schema-graph\">{\"@context\":\"https:\/\/schema.org\",\"@graph\":[{\"@type\":\"WebPage\",\"@id\":\"https:\/\/syzax.com\/fr\/pourquoi-syzax\/\",\"url\":\"https:\/\/syzax.com\/fr\/pourquoi-syzax\/\",\"name\":\"Table lin\u00e9aire : syst\u00e8me d'axes lin\u00e9aires modulaires pour l'automatisation - SYZAX\",\"isPartOf\":{\"@id\":\"https:\/\/syzax.com\/fr\/#website\"},\"primaryImageOfPage\":{\"@id\":\"https:\/\/syzax.com\/fr\/pourquoi-syzax\/#primaryimage\"},\"image\":{\"@id\":\"https:\/\/syzax.com\/fr\/pourquoi-syzax\/#primaryimage\"},\"thumbnailUrl\":\"https:\/\/syzax.com\/wp-content\/uploads\/2020\/12\/syzax-first-prototype.jpg\",\"datePublished\":\"2021-03-29T14:46:58+00:00\",\"dateModified\":\"2022-04-04T12:41:00+00:00\",\"description\":\"Syst\u00e8me d'axes lin\u00e9aires pour la conception de tables lin\u00e9aires. Syst\u00e8me compact, modulaire, puissant et convivial pour l'automatisation.\",\"breadcrumb\":{\"@id\":\"https:\/\/syzax.com\/fr\/pourquoi-syzax\/#breadcrumb\"},\"inLanguage\":\"fr-FR\",\"potentialAction\":[{\"@type\":\"ReadAction\",\"target\":[\"https:\/\/syzax.com\/fr\/pourquoi-syzax\/\"]}]},{\"@type\":\"ImageObject\",\"inLanguage\":\"fr-FR\",\"@id\":\"https:\/\/syzax.com\/fr\/pourquoi-syzax\/#primaryimage\",\"url\":\"https:\/\/syzax.com\/wp-content\/uploads\/2020\/12\/syzax-first-prototype.jpg\",\"contentUrl\":\"https:\/\/syzax.com\/wp-content\/uploads\/2020\/12\/syzax-first-prototype.jpg\"},{\"@type\":\"BreadcrumbList\",\"@id\":\"https:\/\/syzax.com\/fr\/pourquoi-syzax\/#breadcrumb\",\"itemListElement\":[{\"@type\":\"ListItem\",\"position\":1,\"name\":\"Accueil\",\"item\":\"https:\/\/syzax.com\/fr\/\"},{\"@type\":\"ListItem\",\"position\":2,\"name\":\"Pourquoi SYZAX ?\"}]},{\"@type\":\"WebSite\",\"@id\":\"https:\/\/syzax.com\/fr\/#website\",\"url\":\"https:\/\/syzax.com\/fr\/\",\"name\":\"SYZAX\",\"description\":\"The modular axis system\",\"publisher\":{\"@id\":\"https:\/\/syzax.com\/fr\/#organization\"},\"potentialAction\":[{\"@type\":\"SearchAction\",\"target\":{\"@type\":\"EntryPoint\",\"urlTemplate\":\"https:\/\/syzax.com\/fr\/?s={search_term_string}\"},\"query-input\":{\"@type\":\"PropertyValueSpecification\",\"valueRequired\":true,\"valueName\":\"search_term_string\"}}],\"inLanguage\":\"fr-FR\"},{\"@type\":\"Organization\",\"@id\":\"https:\/\/syzax.com\/fr\/#organization\",\"name\":\"SYZAX | The modular linear axis system\",\"url\":\"https:\/\/syzax.com\/fr\/\",\"logo\":{\"@type\":\"ImageObject\",\"inLanguage\":\"fr-FR\",\"@id\":\"https:\/\/syzax.com\/fr\/#\/schema\/logo\/image\/\",\"url\":\"\",\"contentUrl\":\"\",\"caption\":\"SYZAX | The modular linear axis system\"},\"image\":{\"@id\":\"https:\/\/syzax.com\/fr\/#\/schema\/logo\/image\/\"}}]}<\/script>\n<!-- \/ Yoast SEO plugin. -->","yoast_head_json":{"title":"Table lin\u00e9aire : syst\u00e8me d'axes lin\u00e9aires modulaires pour l'automatisation - SYZAX","description":"Syst\u00e8me d'axes lin\u00e9aires pour la conception de tables lin\u00e9aires. Syst\u00e8me compact, modulaire, puissant et convivial pour l'automatisation.","robots":{"index":"index","follow":"follow","max-snippet":"max-snippet:-1","max-image-preview":"max-image-preview:large","max-video-preview":"max-video-preview:-1"},"canonical":"https:\/\/syzax.com\/fr\/pourquoi-syzax\/","og_locale":"fr_FR","og_type":"article","og_title":"Table lin\u00e9aire : syst\u00e8me d'axes lin\u00e9aires modulaires pour l'automatisation - SYZAX","og_description":"Syst\u00e8me d'axes lin\u00e9aires pour la conception de tables lin\u00e9aires. Syst\u00e8me compact, modulaire, puissant et convivial pour l'automatisation.","og_url":"https:\/\/syzax.com\/fr\/pourquoi-syzax\/","og_site_name":"SYZAX","article_modified_time":"2022-04-04T12:41:00+00:00","og_image":[{"url":"https:\/\/syzax.com\/wp-content\/uploads\/2020\/12\/syzax-first-prototype.jpg","type":"","width":"","height":""}],"twitter_card":"summary_large_image","twitter_misc":{"Dur\u00e9e de lecture estim\u00e9e":"2 minutes"},"schema":{"@context":"https:\/\/schema.org","@graph":[{"@type":"WebPage","@id":"https:\/\/syzax.com\/fr\/pourquoi-syzax\/","url":"https:\/\/syzax.com\/fr\/pourquoi-syzax\/","name":"Table lin\u00e9aire : syst\u00e8me d'axes lin\u00e9aires modulaires pour l'automatisation - SYZAX","isPartOf":{"@id":"https:\/\/syzax.com\/fr\/#website"},"primaryImageOfPage":{"@id":"https:\/\/syzax.com\/fr\/pourquoi-syzax\/#primaryimage"},"image":{"@id":"https:\/\/syzax.com\/fr\/pourquoi-syzax\/#primaryimage"},"thumbnailUrl":"https:\/\/syzax.com\/wp-content\/uploads\/2020\/12\/syzax-first-prototype.jpg","datePublished":"2021-03-29T14:46:58+00:00","dateModified":"2022-04-04T12:41:00+00:00","description":"Syst\u00e8me d'axes lin\u00e9aires pour la conception de tables lin\u00e9aires. Syst\u00e8me compact, modulaire, puissant et convivial pour l'automatisation.","breadcrumb":{"@id":"https:\/\/syzax.com\/fr\/pourquoi-syzax\/#breadcrumb"},"inLanguage":"fr-FR","potentialAction":[{"@type":"ReadAction","target":["https:\/\/syzax.com\/fr\/pourquoi-syzax\/"]}]},{"@type":"ImageObject","inLanguage":"fr-FR","@id":"https:\/\/syzax.com\/fr\/pourquoi-syzax\/#primaryimage","url":"https:\/\/syzax.com\/wp-content\/uploads\/2020\/12\/syzax-first-prototype.jpg","contentUrl":"https:\/\/syzax.com\/wp-content\/uploads\/2020\/12\/syzax-first-prototype.jpg"},{"@type":"BreadcrumbList","@id":"https:\/\/syzax.com\/fr\/pourquoi-syzax\/#breadcrumb","itemListElement":[{"@type":"ListItem","position":1,"name":"Accueil","item":"https:\/\/syzax.com\/fr\/"},{"@type":"ListItem","position":2,"name":"Pourquoi SYZAX ?"}]},{"@type":"WebSite","@id":"https:\/\/syzax.com\/fr\/#website","url":"https:\/\/syzax.com\/fr\/","name":"SYZAX","description":"The modular axis system","publisher":{"@id":"https:\/\/syzax.com\/fr\/#organization"},"potentialAction":[{"@type":"SearchAction","target":{"@type":"EntryPoint","urlTemplate":"https:\/\/syzax.com\/fr\/?s={search_term_string}"},"query-input":{"@type":"PropertyValueSpecification","valueRequired":true,"valueName":"search_term_string"}}],"inLanguage":"fr-FR"},{"@type":"Organization","@id":"https:\/\/syzax.com\/fr\/#organization","name":"SYZAX | The modular linear axis system","url":"https:\/\/syzax.com\/fr\/","logo":{"@type":"ImageObject","inLanguage":"fr-FR","@id":"https:\/\/syzax.com\/fr\/#\/schema\/logo\/image\/","url":"","contentUrl":"","caption":"SYZAX | The modular linear axis system"},"image":{"@id":"https:\/\/syzax.com\/fr\/#\/schema\/logo\/image\/"}}]}},"_links":{"self":[{"href":"https:\/\/syzax.com\/fr\/wp-json\/wp\/v2\/pages\/5146","targetHints":{"allow":["GET"]}}],"collection":[{"href":"https:\/\/syzax.com\/fr\/wp-json\/wp\/v2\/pages"}],"about":[{"href":"https:\/\/syzax.com\/fr\/wp-json\/wp\/v2\/types\/page"}],"author":[{"embeddable":true,"href":"https:\/\/syzax.com\/fr\/wp-json\/wp\/v2\/users\/1"}],"replies":[{"embeddable":true,"href":"https:\/\/syzax.com\/fr\/wp-json\/wp\/v2\/comments?post=5146"}],"version-history":[{"count":0,"href":"https:\/\/syzax.com\/fr\/wp-json\/wp\/v2\/pages\/5146\/revisions"}],"wp:attachment":[{"href":"https:\/\/syzax.com\/fr\/wp-json\/wp\/v2\/media?parent=5146"}],"curies":[{"name":"wp","href":"https:\/\/api.w.org\/{rel}","templated":true}]}}