{"id":5144,"date":"2021-03-29T16:22:39","date_gmt":"2021-03-29T14:22:39","guid":{"rendered":"https:\/\/syzax.com\/caracteristiques-uniques\/user-friendly\/"},"modified":"2024-08-30T12:23:30","modified_gmt":"2024-08-30T10:23:30","slug":"user-friendly","status":"publish","type":"page","link":"https:\/\/syzax.com\/fr\/caracteristiques-uniques\/user-friendly\/","title":{"rendered":"User friendly"},"content":{"rendered":"\t\t<div data-elementor-type=\"wp-page\" data-elementor-id=\"5144\" class=\"elementor elementor-5144 elementor-3891\">\n\t\t\t\t\t\t<section class=\"elementor-section elementor-top-section elementor-element elementor-element-a235ac7 elementor-section-boxed elementor-section-height-default elementor-section-height-default\" data-id=\"a235ac7\" data-element_type=\"section\">\n\t\t\t\t\t\t<div class=\"elementor-container elementor-column-gap-default\">\n\t\t\t\t\t<div class=\"elementor-column elementor-col-50 elementor-top-column elementor-element elementor-element-24009e1 elementor-invisible\" data-id=\"24009e1\" data-element_type=\"column\" data-settings=\"{&quot;animation&quot;:&quot;fadeInLeft&quot;}\">\n\t\t\t<div class=\"elementor-widget-wrap elementor-element-populated\">\n\t\t\t\t\t\t<div class=\"elementor-element elementor-element-c8da973 cdev_big_style_left elementor-invisible elementor-widget elementor-widget-heading\" data-id=\"c8da973\" data-element_type=\"widget\" data-settings=\"{&quot;_animation&quot;:&quot;zoomIn&quot;}\" data-widget_type=\"heading.default\">\n\t\t\t\t<div class=\"elementor-widget-container\">\n\t\t\t<h2 class=\"elementor-heading-title elementor-size-default\">Simplicit\u00e9 de c\u00e2blage<\/h2>\t\t<\/div>\n\t\t\t\t<\/div>\n\t\t\t\t<div class=\"elementor-element elementor-element-bcc4281 elementor-invisible elementor-widget elementor-widget-text-editor\" data-id=\"bcc4281\" data-element_type=\"widget\" data-settings=\"{&quot;_animation&quot;:&quot;zoomIn&quot;}\" data-widget_type=\"text-editor.default\">\n\t\t\t\t<div class=\"elementor-widget-container\">\n\t\t\t\t\t\t\t<p>La puissance, les signaux codeurs et les signaux de temp\u00e9rature passent par un seul c\u00e2ble hybride, adapt\u00e9 aux cha\u00eenes porte c\u00e2bles et aux salles blanches. Les connecteurs \u00e9lectrique et pneumatique sont en outre orientables afin de faciliter plus encore le c\u00e2blage des modules <strong>SYZAX<\/strong>.<\/p>\t\t\t\t\t\t<\/div>\n\t\t\t\t<\/div>\n\t\t\t\t\t<\/div>\n\t\t<\/div>\n\t\t\t\t<div class=\"elementor-column elementor-col-50 elementor-top-column elementor-element elementor-element-771eed2 elementor-invisible\" data-id=\"771eed2\" data-element_type=\"column\" data-settings=\"{&quot;animation&quot;:&quot;fadeInRight&quot;}\">\n\t\t\t<div class=\"elementor-widget-wrap elementor-element-populated\">\n\t\t\t\t\t\t<div class=\"elementor-element elementor-element-6992acd elementor-invisible elementor-widget elementor-widget-image\" data-id=\"6992acd\" data-element_type=\"widget\" data-settings=\"{&quot;_animation&quot;:&quot;zoomIn&quot;}\" data-widget_type=\"image.default\">\n\t\t\t\t<div class=\"elementor-widget-container\">\n\t\t\t\t\t\t\t\t\t\t\t\t\t<img fetchpriority=\"high\" decoding=\"async\" width=\"500\" height=\"264\" src=\"https:\/\/syzax.com\/wp-content\/uploads\/2021\/03\/SYZAX-Cable-unique-hybride-sur-axe-lineaire.jpg\" class=\"attachment-large size-large wp-image-4097\" alt=\"SYZAX D\u00e9tails du c\u00e2ble hybride unique\" \/>\t\t\t\t\t\t\t\t\t\t\t\t\t<\/div>\n\t\t\t\t<\/div>\n\t\t\t\t\t<\/div>\n\t\t<\/div>\n\t\t\t\t\t<\/div>\n\t\t<\/section>\n\t\t\t\t<section class=\"elementor-section elementor-top-section elementor-element elementor-element-70dc7a2 elementor-section-boxed elementor-section-height-default elementor-section-height-default\" data-id=\"70dc7a2\" data-element_type=\"section\">\n\t\t\t\t\t\t<div class=\"elementor-container elementor-column-gap-wider\">\n\t\t\t\t\t<div class=\"elementor-column elementor-col-33 elementor-top-column elementor-element elementor-element-8c86406 elementor-invisible\" data-id=\"8c86406\" data-element_type=\"column\" data-settings=\"{&quot;animation&quot;:&quot;fadeInLeft&quot;}\">\n\t\t\t<div class=\"elementor-widget-wrap elementor-element-populated\">\n\t\t\t\t\t\t<div class=\"elementor-element elementor-element-e74b089 elementor-invisible elementor-widget elementor-widget-image\" data-id=\"e74b089\" data-element_type=\"widget\" data-settings=\"{&quot;_animation&quot;:&quot;zoomIn&quot;}\" data-widget_type=\"image.default\">\n\t\t\t\t<div class=\"elementor-widget-container\">\n\t\t\t\t\t\t\t\t\t\t\t\t\t<img decoding=\"async\" width=\"350\" height=\"350\" src=\"https:\/\/syzax.com\/wp-content\/uploads\/2021\/03\/SYZAX-Cable-hybride-unique-2.jpg\" class=\"attachment-large size-large wp-image-4265\" alt=\"SYZAX Connecteur du c\u00e2ble hybride unique 2\" srcset=\"https:\/\/syzax.com\/wp-content\/uploads\/2021\/03\/SYZAX-Cable-hybride-unique-2.jpg 350w, https:\/\/syzax.com\/wp-content\/uploads\/2021\/03\/SYZAX-Cable-hybride-unique-2-80x80.jpg 80w, https:\/\/syzax.com\/wp-content\/uploads\/2021\/03\/SYZAX-Cable-hybride-unique-2-263x263.jpg 263w\" sizes=\"(max-width: 350px) 100vw, 350px\" \/>\t\t\t\t\t\t\t\t\t\t\t\t\t<\/div>\n\t\t\t\t<\/div>\n\t\t\t\t\t<\/div>\n\t\t<\/div>\n\t\t\t\t<div class=\"elementor-column elementor-col-33 elementor-top-column elementor-element elementor-element-7f36a89 elementor-invisible\" data-id=\"7f36a89\" data-element_type=\"column\" data-settings=\"{&quot;animation&quot;:&quot;fadeInUp&quot;}\">\n\t\t\t<div class=\"elementor-widget-wrap elementor-element-populated\">\n\t\t\t\t\t\t<div class=\"elementor-element elementor-element-ff7f7d5 elementor-invisible elementor-widget elementor-widget-image\" data-id=\"ff7f7d5\" data-element_type=\"widget\" data-settings=\"{&quot;_animation&quot;:&quot;zoomIn&quot;}\" data-widget_type=\"image.default\">\n\t\t\t\t<div class=\"elementor-widget-container\">\n\t\t\t\t\t\t\t\t\t\t\t\t\t<img decoding=\"async\" width=\"500\" height=\"500\" src=\"https:\/\/syzax.com\/wp-content\/uploads\/2021\/03\/SYZAX-Cable-unique-hybride-3-2.jpg\" class=\"attachment-large size-large wp-image-4733\" alt=\"SYZAX C\u00e2ble hybride unique 3\" srcset=\"https:\/\/syzax.com\/wp-content\/uploads\/2021\/03\/SYZAX-Cable-unique-hybride-3-2.jpg 500w, https:\/\/syzax.com\/wp-content\/uploads\/2021\/03\/SYZAX-Cable-unique-hybride-3-2-80x80.jpg 80w, https:\/\/syzax.com\/wp-content\/uploads\/2021\/03\/SYZAX-Cable-unique-hybride-3-2-263x263.jpg 263w\" sizes=\"(max-width: 500px) 100vw, 500px\" \/>\t\t\t\t\t\t\t\t\t\t\t\t\t<\/div>\n\t\t\t\t<\/div>\n\t\t\t\t\t<\/div>\n\t\t<\/div>\n\t\t\t\t<div class=\"elementor-column elementor-col-33 elementor-top-column elementor-element elementor-element-f8d14cd elementor-invisible\" data-id=\"f8d14cd\" data-element_type=\"column\" data-settings=\"{&quot;animation&quot;:&quot;fadeInRight&quot;}\">\n\t\t\t<div class=\"elementor-widget-wrap elementor-element-populated\">\n\t\t\t\t\t\t<div class=\"elementor-element elementor-element-e366031 elementor-invisible elementor-widget elementor-widget-image\" data-id=\"e366031\" data-element_type=\"widget\" data-settings=\"{&quot;_animation&quot;:&quot;zoomIn&quot;}\" data-widget_type=\"image.default\">\n\t\t\t\t<div class=\"elementor-widget-container\">\n\t\t\t\t\t\t\t\t\t\t\t\t\t<img loading=\"lazy\" decoding=\"async\" width=\"500\" height=\"500\" src=\"https:\/\/syzax.com\/wp-content\/uploads\/2021\/03\/SYZAX-Cable-unique-hybride-2.jpg\" class=\"attachment-large size-large wp-image-4735\" alt=\"SYZAX C\u00e2ble hybride unique 2\" srcset=\"https:\/\/syzax.com\/wp-content\/uploads\/2021\/03\/SYZAX-Cable-unique-hybride-2.jpg 500w, https:\/\/syzax.com\/wp-content\/uploads\/2021\/03\/SYZAX-Cable-unique-hybride-2-80x80.jpg 80w, https:\/\/syzax.com\/wp-content\/uploads\/2021\/03\/SYZAX-Cable-unique-hybride-2-263x263.jpg 263w\" sizes=\"(max-width: 500px) 100vw, 500px\" \/>\t\t\t\t\t\t\t\t\t\t\t\t\t<\/div>\n\t\t\t\t<\/div>\n\t\t\t\t\t<\/div>\n\t\t<\/div>\n\t\t\t\t\t<\/div>\n\t\t<\/section>\n\t\t\t\t<section class=\"elementor-section elementor-top-section elementor-element elementor-element-7df2197 elementor-section-boxed elementor-section-height-default elementor-section-height-default\" data-id=\"7df2197\" data-element_type=\"section\">\n\t\t\t\t\t\t<div class=\"elementor-container elementor-column-gap-default\">\n\t\t\t\t\t<div class=\"elementor-column elementor-col-100 elementor-top-column elementor-element elementor-element-02d6361\" data-id=\"02d6361\" data-element_type=\"column\">\n\t\t\t<div class=\"elementor-widget-wrap elementor-element-populated\">\n\t\t\t\t\t\t<section class=\"elementor-section elementor-inner-section elementor-element elementor-element-5d12c0e elementor-section-boxed elementor-section-height-default elementor-section-height-default\" data-id=\"5d12c0e\" data-element_type=\"section\">\n\t\t\t\t\t\t<div class=\"elementor-container elementor-column-gap-default\">\n\t\t\t\t\t<div class=\"elementor-column elementor-col-33 elementor-inner-column elementor-element elementor-element-f9b647f elementor-hidden-phone\" data-id=\"f9b647f\" data-element_type=\"column\">\n\t\t\t<div class=\"elementor-widget-wrap\">\n\t\t\t\t\t\t\t<\/div>\n\t\t<\/div>\n\t\t\t\t<div class=\"elementor-column elementor-col-33 elementor-inner-column elementor-element elementor-element-3a4d3e4\" data-id=\"3a4d3e4\" data-element_type=\"column\">\n\t\t\t<div class=\"elementor-widget-wrap elementor-element-populated\">\n\t\t\t\t\t\t<div class=\"elementor-element elementor-element-cf6a06d elementor-widget elementor-widget-text-editor\" data-id=\"cf6a06d\" data-element_type=\"widget\" data-widget_type=\"text-editor.default\">\n\t\t\t\t<div class=\"elementor-widget-container\">\n\t\t\t\t\t\t\t<p>Si votre application le requiert, nous pouvons \u00e9galement fournir un connecteur permettant de travailler avec des c\u00e2bles s\u00e9par\u00e9s pour chaque signal (option recommand\u00e9e pour les longueurs sup\u00e9rieures \u00e0 10m, les environnements bruyants ou en cas d\u2019exigences de flexibilit\u00e9 plus \u00e9lev\u00e9es) \u2013 <span style=\"color: black; font-family: Arial, sans-serif; font-size: 11pt; font-weight: var( --e-global-typography-text-font-weight );\">voir les deux variantes ci-dessus<\/span>.<\/p>\n\t\t\t\t\t\t<\/div>\n\t\t\t\t<\/div>\n\t\t\t\t\t<\/div>\n\t\t<\/div>\n\t\t\t\t<div class=\"elementor-column elementor-col-33 elementor-inner-column elementor-element elementor-element-e756808 elementor-hidden-phone\" data-id=\"e756808\" data-element_type=\"column\">\n\t\t\t<div class=\"elementor-widget-wrap\">\n\t\t\t\t\t\t\t<\/div>\n\t\t<\/div>\n\t\t\t\t\t<\/div>\n\t\t<\/section>\n\t\t\t\t\t<\/div>\n\t\t<\/div>\n\t\t\t\t\t<\/div>\n\t\t<\/section>\n\t\t\t\t<section class=\"elementor-section elementor-top-section elementor-element elementor-element-4a7ad6e elementor-section-boxed elementor-section-height-default elementor-section-height-default\" data-id=\"4a7ad6e\" data-element_type=\"section\">\n\t\t\t\t\t\t<div class=\"elementor-container elementor-column-gap-default\">\n\t\t\t\t\t<div class=\"elementor-column elementor-col-50 elementor-top-column elementor-element elementor-element-dd6820a\" data-id=\"dd6820a\" data-element_type=\"column\">\n\t\t\t<div class=\"elementor-widget-wrap elementor-element-populated\">\n\t\t\t\t\t\t<div class=\"elementor-element elementor-element-9c68a41 cdev_big_style_left elementor-widget elementor-widget-heading\" data-id=\"9c68a41\" data-element_type=\"widget\" data-widget_type=\"heading.default\">\n\t\t\t\t<div class=\"elementor-widget-container\">\n\t\t\t<h2 class=\"elementor-heading-title elementor-size-default\">Simplicit\u00e9 de montage des syst\u00e8mes multi-axes.<\/h2>\t\t<\/div>\n\t\t\t\t<\/div>\n\t\t\t\t<div class=\"elementor-element elementor-element-043d408 elementor-widget elementor-widget-text-editor\" data-id=\"043d408\" data-element_type=\"widget\" data-widget_type=\"text-editor.default\">\n\t\t\t\t<div class=\"elementor-widget-container\">\n\t\t\t\t\t\t\t<ul>\n<li>Interfaces d\u2019assemblage axe sur axe compatibles pour toute la gamme et pr\u00e9-int\u00e9gr\u00e9s sur chaque moule.<\/li>\n<li>Les axes sont con\u00e7us pour \u00eatre assemblables avec quelques vis et goupilles de positionnement.<\/li>\n<li>Les robots 3 axes en version portique ou porte-\u00e0-faux n\u2019ont besoin que d\u2019une pi\u00e8ce de liaison suppl\u00e9mentaire.<\/li>\n<\/ul>\n\t\t\t\t\t\t<\/div>\n\t\t\t\t<\/div>\n\t\t\t\t\t<\/div>\n\t\t<\/div>\n\t\t\t\t<div class=\"elementor-column elementor-col-50 elementor-top-column elementor-element elementor-element-9a95500\" data-id=\"9a95500\" data-element_type=\"column\">\n\t\t\t<div class=\"elementor-widget-wrap elementor-element-populated\">\n\t\t\t\t\t\t<div class=\"elementor-element elementor-element-d96d568 elementor-widget elementor-widget-image\" data-id=\"d96d568\" data-element_type=\"widget\" data-widget_type=\"image.default\">\n\t\t\t\t<div class=\"elementor-widget-container\">\n\t\t\t\t\t\t\t\t\t\t\t\t\t<img loading=\"lazy\" decoding=\"async\" width=\"800\" height=\"540\" src=\"https:\/\/syzax.com\/wp-content\/uploads\/2021\/03\/SYZAX-4-Axes.jpg\" class=\"attachment-large size-large wp-image-3661\" alt=\"SYZAX 4 axes\" srcset=\"https:\/\/syzax.com\/wp-content\/uploads\/2021\/03\/SYZAX-4-Axes.jpg 800w, https:\/\/syzax.com\/wp-content\/uploads\/2021\/03\/SYZAX-4-Axes-768x518.jpg 768w\" sizes=\"(max-width: 800px) 100vw, 800px\" \/>\t\t\t\t\t\t\t\t\t\t\t\t\t<\/div>\n\t\t\t\t<\/div>\n\t\t\t\t\t<\/div>\n\t\t<\/div>\n\t\t\t\t\t<\/div>\n\t\t<\/section>\n\t\t\t\t<section class=\"elementor-section elementor-top-section elementor-element elementor-element-180b402 elementor-section-boxed elementor-section-height-default elementor-section-height-default\" data-id=\"180b402\" data-element_type=\"section\">\n\t\t\t\t\t\t<div class=\"elementor-container elementor-column-gap-default\">\n\t\t\t\t\t<div class=\"elementor-column elementor-col-50 elementor-top-column elementor-element elementor-element-20052ce\" data-id=\"20052ce\" data-element_type=\"column\">\n\t\t\t<div class=\"elementor-widget-wrap elementor-element-populated\">\n\t\t\t\t\t\t<div class=\"elementor-element elementor-element-605fcca cdev_big_style_left elementor-widget elementor-widget-heading\" data-id=\"605fcca\" data-element_type=\"widget\" data-widget_type=\"heading.default\">\n\t\t\t\t<div class=\"elementor-widget-container\">\n\t\t\t<h2 class=\"elementor-heading-title elementor-size-default\">Graissage<\/h2>\t\t<\/div>\n\t\t\t\t<\/div>\n\t\t\t\t<div class=\"elementor-element elementor-element-623b86c elementor-widget elementor-widget-text-editor\" data-id=\"623b86c\" data-element_type=\"widget\" data-widget_type=\"text-editor.default\">\n\t\t\t\t<div class=\"elementor-widget-container\">\n\t\t\t\t\t\t\t<p>Pour chaque guidage lin\u00e9aire on peut choisir le c\u00f4t\u00e9 du chariot sur lequel on veut monter le graisseur. Ceci est particuli\u00e8rement utile pour faciliter l\u2019acc\u00e8s aux graisseurs lors de l\u2019utilisation de soufflets de protection ou pour cr\u00e9er un syst\u00e8me de graissage centralis\u00e9. Il suffit de retirer la vis sans t\u00eate dans la position souhait\u00e9e et de placer un embout de graissage M6 (fourni sur demande).<\/p>\n\t\t\t\t\t\t<\/div>\n\t\t\t\t<\/div>\n\t\t\t\t\t<\/div>\n\t\t<\/div>\n\t\t\t\t<div class=\"elementor-column elementor-col-50 elementor-top-column elementor-element elementor-element-5b4558c\" data-id=\"5b4558c\" data-element_type=\"column\">\n\t\t\t<div class=\"elementor-widget-wrap elementor-element-populated\">\n\t\t\t\t\t\t<div class=\"elementor-element elementor-element-fcbce3f elementor-widget elementor-widget-image\" data-id=\"fcbce3f\" data-element_type=\"widget\" data-widget_type=\"image.default\">\n\t\t\t\t<div class=\"elementor-widget-container\">\n\t\t\t\t\t\t\t\t\t\t\t\t\t<img loading=\"lazy\" decoding=\"async\" width=\"707\" height=\"690\" src=\"https:\/\/syzax.com\/wp-content\/uploads\/2024\/08\/SYZAX-Greasing-1.jpg\" class=\"attachment-large size-large wp-image-6320\" alt=\"SYZAX Greasing\" \/>\t\t\t\t\t\t\t\t\t\t\t\t\t<\/div>\n\t\t\t\t<\/div>\n\t\t\t\t\t<\/div>\n\t\t<\/div>\n\t\t\t\t\t<\/div>\n\t\t<\/section>\n\t\t\t\t<\/div>\n\t\t","protected":false},"excerpt":{"rendered":"<p>Simplicit\u00e9 de c\u00e2blage La puissance, les signaux codeurs et les signaux de temp\u00e9rature passent par un seul c\u00e2ble hybride, adapt\u00e9 aux cha\u00eenes porte c\u00e2bles et aux salles blanches. Les connecteurs \u00e9lectrique et pneumatique sont en [&hellip;]<\/p>\n","protected":false},"author":1,"featured_media":0,"parent":5112,"menu_order":0,"comment_status":"closed","ping_status":"closed","template":"","meta":{"footnotes":""},"class_list":["post-5144","page","type-page","status-publish","hentry"],"yoast_head":"<!-- This site is optimized with the Yoast SEO plugin v25.1 - https:\/\/yoast.com\/wordpress\/plugins\/seo\/ -->\n<title>Robot portique : syst\u00e8me d&#039;axe lin\u00e9aire convivial pour robot portique - SYZAX<\/title>\n<meta name=\"description\" content=\"Syst\u00e8me d&#039;axe lin\u00e9aire convivial pour la conception de robots portiques et porte-\u00e0-faux. Simplicit\u00e9 de montage de multiaxes pour robot portique.\" \/>\n<meta name=\"robots\" content=\"index, follow, max-snippet:-1, max-image-preview:large, max-video-preview:-1\" \/>\n<link rel=\"canonical\" href=\"https:\/\/syzax.com\/fr\/caracteristiques-uniques\/user-friendly\/\" \/>\n<meta property=\"og:locale\" content=\"fr_FR\" \/>\n<meta property=\"og:type\" content=\"article\" \/>\n<meta property=\"og:title\" content=\"Robot portique : syst\u00e8me d&#039;axe lin\u00e9aire convivial pour robot portique - SYZAX\" \/>\n<meta property=\"og:description\" content=\"Syst\u00e8me d&#039;axe lin\u00e9aire convivial pour la conception de robots portiques et porte-\u00e0-faux. Simplicit\u00e9 de montage de multiaxes pour robot portique.\" \/>\n<meta property=\"og:url\" content=\"https:\/\/syzax.com\/fr\/caracteristiques-uniques\/user-friendly\/\" \/>\n<meta property=\"og:site_name\" content=\"SYZAX\" \/>\n<meta property=\"article:modified_time\" content=\"2024-08-30T10:23:30+00:00\" \/>\n<meta property=\"og:image\" content=\"https:\/\/syzax.com\/wp-content\/uploads\/2021\/03\/SYZAX-Cable-unique-hybride-sur-axe-lineaire.jpg\" \/>\n<meta name=\"twitter:card\" content=\"summary_large_image\" \/>\n<meta name=\"twitter:label1\" content=\"Dur\u00e9e de lecture estim\u00e9e\" \/>\n\t<meta name=\"twitter:data1\" content=\"3 minutes\" \/>\n<script type=\"application\/ld+json\" class=\"yoast-schema-graph\">{\"@context\":\"https:\/\/schema.org\",\"@graph\":[{\"@type\":\"WebPage\",\"@id\":\"https:\/\/syzax.com\/fr\/caracteristiques-uniques\/user-friendly\/\",\"url\":\"https:\/\/syzax.com\/fr\/caracteristiques-uniques\/user-friendly\/\",\"name\":\"Robot portique : syst\u00e8me d'axe lin\u00e9aire convivial pour robot portique - SYZAX\",\"isPartOf\":{\"@id\":\"https:\/\/syzax.com\/fr\/#website\"},\"primaryImageOfPage\":{\"@id\":\"https:\/\/syzax.com\/fr\/caracteristiques-uniques\/user-friendly\/#primaryimage\"},\"image\":{\"@id\":\"https:\/\/syzax.com\/fr\/caracteristiques-uniques\/user-friendly\/#primaryimage\"},\"thumbnailUrl\":\"https:\/\/syzax.com\/wp-content\/uploads\/2021\/03\/SYZAX-Cable-unique-hybride-sur-axe-lineaire.jpg\",\"datePublished\":\"2021-03-29T14:22:39+00:00\",\"dateModified\":\"2024-08-30T10:23:30+00:00\",\"description\":\"Syst\u00e8me d'axe lin\u00e9aire convivial pour la conception de robots portiques et porte-\u00e0-faux. Simplicit\u00e9 de montage de multiaxes pour robot portique.\",\"breadcrumb\":{\"@id\":\"https:\/\/syzax.com\/fr\/caracteristiques-uniques\/user-friendly\/#breadcrumb\"},\"inLanguage\":\"fr-FR\",\"potentialAction\":[{\"@type\":\"ReadAction\",\"target\":[\"https:\/\/syzax.com\/fr\/caracteristiques-uniques\/user-friendly\/\"]}]},{\"@type\":\"ImageObject\",\"inLanguage\":\"fr-FR\",\"@id\":\"https:\/\/syzax.com\/fr\/caracteristiques-uniques\/user-friendly\/#primaryimage\",\"url\":\"https:\/\/syzax.com\/wp-content\/uploads\/2021\/03\/SYZAX-Cable-unique-hybride-sur-axe-lineaire.jpg\",\"contentUrl\":\"https:\/\/syzax.com\/wp-content\/uploads\/2021\/03\/SYZAX-Cable-unique-hybride-sur-axe-lineaire.jpg\"},{\"@type\":\"BreadcrumbList\",\"@id\":\"https:\/\/syzax.com\/fr\/caracteristiques-uniques\/user-friendly\/#breadcrumb\",\"itemListElement\":[{\"@type\":\"ListItem\",\"position\":1,\"name\":\"Accueil\",\"item\":\"https:\/\/syzax.com\/fr\/\"},{\"@type\":\"ListItem\",\"position\":2,\"name\":\"Caract\u00e9ristiques uniques\",\"item\":\"https:\/\/syzax.com\/fr\/caracteristiques-uniques\/\"},{\"@type\":\"ListItem\",\"position\":3,\"name\":\"User friendly\"}]},{\"@type\":\"WebSite\",\"@id\":\"https:\/\/syzax.com\/fr\/#website\",\"url\":\"https:\/\/syzax.com\/fr\/\",\"name\":\"SYZAX\",\"description\":\"The modular axis system\",\"publisher\":{\"@id\":\"https:\/\/syzax.com\/fr\/#organization\"},\"potentialAction\":[{\"@type\":\"SearchAction\",\"target\":{\"@type\":\"EntryPoint\",\"urlTemplate\":\"https:\/\/syzax.com\/fr\/?s={search_term_string}\"},\"query-input\":{\"@type\":\"PropertyValueSpecification\",\"valueRequired\":true,\"valueName\":\"search_term_string\"}}],\"inLanguage\":\"fr-FR\"},{\"@type\":\"Organization\",\"@id\":\"https:\/\/syzax.com\/fr\/#organization\",\"name\":\"SYZAX | The modular linear axis system\",\"url\":\"https:\/\/syzax.com\/fr\/\",\"logo\":{\"@type\":\"ImageObject\",\"inLanguage\":\"fr-FR\",\"@id\":\"https:\/\/syzax.com\/fr\/#\/schema\/logo\/image\/\",\"url\":\"\",\"contentUrl\":\"\",\"caption\":\"SYZAX | The modular linear axis system\"},\"image\":{\"@id\":\"https:\/\/syzax.com\/fr\/#\/schema\/logo\/image\/\"}}]}<\/script>\n<!-- \/ Yoast SEO plugin. -->","yoast_head_json":{"title":"Robot portique : syst\u00e8me d'axe lin\u00e9aire convivial pour robot portique - SYZAX","description":"Syst\u00e8me d'axe lin\u00e9aire convivial pour la conception de robots portiques et porte-\u00e0-faux. Simplicit\u00e9 de montage de multiaxes pour robot portique.","robots":{"index":"index","follow":"follow","max-snippet":"max-snippet:-1","max-image-preview":"max-image-preview:large","max-video-preview":"max-video-preview:-1"},"canonical":"https:\/\/syzax.com\/fr\/caracteristiques-uniques\/user-friendly\/","og_locale":"fr_FR","og_type":"article","og_title":"Robot portique : syst\u00e8me d'axe lin\u00e9aire convivial pour robot portique - SYZAX","og_description":"Syst\u00e8me d'axe lin\u00e9aire convivial pour la conception de robots portiques et porte-\u00e0-faux. Simplicit\u00e9 de montage de multiaxes pour robot portique.","og_url":"https:\/\/syzax.com\/fr\/caracteristiques-uniques\/user-friendly\/","og_site_name":"SYZAX","article_modified_time":"2024-08-30T10:23:30+00:00","og_image":[{"url":"https:\/\/syzax.com\/wp-content\/uploads\/2021\/03\/SYZAX-Cable-unique-hybride-sur-axe-lineaire.jpg","type":"","width":"","height":""}],"twitter_card":"summary_large_image","twitter_misc":{"Dur\u00e9e de lecture estim\u00e9e":"3 minutes"},"schema":{"@context":"https:\/\/schema.org","@graph":[{"@type":"WebPage","@id":"https:\/\/syzax.com\/fr\/caracteristiques-uniques\/user-friendly\/","url":"https:\/\/syzax.com\/fr\/caracteristiques-uniques\/user-friendly\/","name":"Robot portique : syst\u00e8me d'axe lin\u00e9aire convivial pour robot portique - SYZAX","isPartOf":{"@id":"https:\/\/syzax.com\/fr\/#website"},"primaryImageOfPage":{"@id":"https:\/\/syzax.com\/fr\/caracteristiques-uniques\/user-friendly\/#primaryimage"},"image":{"@id":"https:\/\/syzax.com\/fr\/caracteristiques-uniques\/user-friendly\/#primaryimage"},"thumbnailUrl":"https:\/\/syzax.com\/wp-content\/uploads\/2021\/03\/SYZAX-Cable-unique-hybride-sur-axe-lineaire.jpg","datePublished":"2021-03-29T14:22:39+00:00","dateModified":"2024-08-30T10:23:30+00:00","description":"Syst\u00e8me d'axe lin\u00e9aire convivial pour la conception de robots portiques et porte-\u00e0-faux. Simplicit\u00e9 de montage de multiaxes pour robot portique.","breadcrumb":{"@id":"https:\/\/syzax.com\/fr\/caracteristiques-uniques\/user-friendly\/#breadcrumb"},"inLanguage":"fr-FR","potentialAction":[{"@type":"ReadAction","target":["https:\/\/syzax.com\/fr\/caracteristiques-uniques\/user-friendly\/"]}]},{"@type":"ImageObject","inLanguage":"fr-FR","@id":"https:\/\/syzax.com\/fr\/caracteristiques-uniques\/user-friendly\/#primaryimage","url":"https:\/\/syzax.com\/wp-content\/uploads\/2021\/03\/SYZAX-Cable-unique-hybride-sur-axe-lineaire.jpg","contentUrl":"https:\/\/syzax.com\/wp-content\/uploads\/2021\/03\/SYZAX-Cable-unique-hybride-sur-axe-lineaire.jpg"},{"@type":"BreadcrumbList","@id":"https:\/\/syzax.com\/fr\/caracteristiques-uniques\/user-friendly\/#breadcrumb","itemListElement":[{"@type":"ListItem","position":1,"name":"Accueil","item":"https:\/\/syzax.com\/fr\/"},{"@type":"ListItem","position":2,"name":"Caract\u00e9ristiques uniques","item":"https:\/\/syzax.com\/fr\/caracteristiques-uniques\/"},{"@type":"ListItem","position":3,"name":"User friendly"}]},{"@type":"WebSite","@id":"https:\/\/syzax.com\/fr\/#website","url":"https:\/\/syzax.com\/fr\/","name":"SYZAX","description":"The modular axis system","publisher":{"@id":"https:\/\/syzax.com\/fr\/#organization"},"potentialAction":[{"@type":"SearchAction","target":{"@type":"EntryPoint","urlTemplate":"https:\/\/syzax.com\/fr\/?s={search_term_string}"},"query-input":{"@type":"PropertyValueSpecification","valueRequired":true,"valueName":"search_term_string"}}],"inLanguage":"fr-FR"},{"@type":"Organization","@id":"https:\/\/syzax.com\/fr\/#organization","name":"SYZAX | The modular linear axis system","url":"https:\/\/syzax.com\/fr\/","logo":{"@type":"ImageObject","inLanguage":"fr-FR","@id":"https:\/\/syzax.com\/fr\/#\/schema\/logo\/image\/","url":"","contentUrl":"","caption":"SYZAX | The modular linear axis system"},"image":{"@id":"https:\/\/syzax.com\/fr\/#\/schema\/logo\/image\/"}}]}},"_links":{"self":[{"href":"https:\/\/syzax.com\/fr\/wp-json\/wp\/v2\/pages\/5144","targetHints":{"allow":["GET"]}}],"collection":[{"href":"https:\/\/syzax.com\/fr\/wp-json\/wp\/v2\/pages"}],"about":[{"href":"https:\/\/syzax.com\/fr\/wp-json\/wp\/v2\/types\/page"}],"author":[{"embeddable":true,"href":"https:\/\/syzax.com\/fr\/wp-json\/wp\/v2\/users\/1"}],"replies":[{"embeddable":true,"href":"https:\/\/syzax.com\/fr\/wp-json\/wp\/v2\/comments?post=5144"}],"version-history":[{"count":3,"href":"https:\/\/syzax.com\/fr\/wp-json\/wp\/v2\/pages\/5144\/revisions"}],"predecessor-version":[{"id":6326,"href":"https:\/\/syzax.com\/fr\/wp-json\/wp\/v2\/pages\/5144\/revisions\/6326"}],"up":[{"embeddable":true,"href":"https:\/\/syzax.com\/fr\/wp-json\/wp\/v2\/pages\/5112"}],"wp:attachment":[{"href":"https:\/\/syzax.com\/fr\/wp-json\/wp\/v2\/media?parent=5144"}],"curies":[{"name":"wp","href":"https:\/\/api.w.org\/{rel}","templated":true}]}}