{"id":5134,"date":"2021-03-29T15:38:22","date_gmt":"2021-03-29T13:38:22","guid":{"rendered":"https:\/\/syzax.com\/caracteristiques-uniques\/aide-a-la-conception\/"},"modified":"2021-04-16T11:08:32","modified_gmt":"2021-04-16T09:08:32","slug":"aide-a-la-conception","status":"publish","type":"page","link":"https:\/\/syzax.com\/fr\/caracteristiques-uniques\/aide-a-la-conception\/","title":{"rendered":"Aide \u00e0 la conception"},"content":{"rendered":"\t\t<div data-elementor-type=\"wp-page\" data-elementor-id=\"5134\" class=\"elementor elementor-5134 elementor-3898\">\n\t\t\t\t\t\t<section class=\"elementor-section elementor-top-section elementor-element elementor-element-d72ee7a elementor-section-boxed elementor-section-height-default elementor-section-height-default\" data-id=\"d72ee7a\" data-element_type=\"section\">\n\t\t\t\t\t\t<div class=\"elementor-container elementor-column-gap-default\">\n\t\t\t\t\t<div class=\"elementor-column elementor-col-25 elementor-top-column elementor-element elementor-element-dcc2510\" data-id=\"dcc2510\" data-element_type=\"column\">\n\t\t\t<div class=\"elementor-widget-wrap\">\n\t\t\t\t\t\t\t<\/div>\n\t\t<\/div>\n\t\t\t\t<div class=\"elementor-column elementor-col-50 elementor-top-column elementor-element elementor-element-a19b760\" data-id=\"a19b760\" data-element_type=\"column\">\n\t\t\t<div class=\"elementor-widget-wrap elementor-element-populated\">\n\t\t\t\t\t\t<div class=\"elementor-element elementor-element-eabe91c cdev_big_style_center elementor-widget elementor-widget-heading\" data-id=\"eabe91c\" data-element_type=\"widget\" data-widget_type=\"heading.default\">\n\t\t\t\t<div class=\"elementor-widget-container\">\n\t\t\t<h2 class=\"elementor-heading-title elementor-size-default\">Support m\u00e9canique<\/h2>\t\t<\/div>\n\t\t\t\t<\/div>\n\t\t\t\t<div class=\"elementor-element elementor-element-a033b53 elementor-widget elementor-widget-text-editor\" data-id=\"a033b53\" data-element_type=\"widget\" data-widget_type=\"text-editor.default\">\n\t\t\t\t<div class=\"elementor-widget-container\">\n\t\t\t\t\t\t\t<p>Nos <a href=\"https:\/\/syzax.com\/fr\/configurateurs\/\">configurateurs en ligne<\/a> vous guide dans la configuration du syst\u00e8me num\u00e9rique le mieux adapt\u00e9 \u00e0 votre application.<\/p><p>En outre, en t\u00e9l\u00e9chargeant notre manuel <strong>SYZAX<\/strong>, vous aurez acc\u00e8s \u00e0 diverses r\u00e8gles math\u00e9matiques et physiques qui vous aideront \u00e0 bien dimensionner votre syst\u00e8me.<\/p><p>Enfin, vous pouvez \u00e9galement <a href=\"https:\/\/syzax.com\/fr\/contact\/\">solliciter OPUS SA<\/a>, la soci\u00e9t\u00e9 qui a d\u00e9velopp\u00e9 <strong>SYZAX<\/strong>, pour tout travail de conception m\u00e9canique li\u00e9 \u00e0 votre projet.<\/p>\t\t\t\t\t\t<\/div>\n\t\t\t\t<\/div>\n\t\t\t\t<div class=\"elementor-element elementor-element-0651204 cdev_big_style_center elementor-widget elementor-widget-heading\" data-id=\"0651204\" data-element_type=\"widget\" data-widget_type=\"heading.default\">\n\t\t\t\t<div class=\"elementor-widget-container\">\n\t\t\t<h2 class=\"elementor-heading-title elementor-size-default\">Support \u00e9lectrique<\/h2>\t\t<\/div>\n\t\t\t\t<\/div>\n\t\t\t\t<div class=\"elementor-element elementor-element-31b02e7 elementor-widget elementor-widget-text-editor\" data-id=\"31b02e7\" data-element_type=\"widget\" data-widget_type=\"text-editor.default\">\n\t\t\t\t<div class=\"elementor-widget-container\">\n\t\t\t\t\t\t\t<p>Les axes <strong>SYZAX <\/strong>sont compatibles avec la plupart des servo-amplificateurs du march\u00e9 ; nous fournissons gratuitement la configuration compl\u00e8te des param\u00e8tres pour les servo-amplificateurs Beckhoff AX5000 et AX8000.<\/p>\t\t\t\t\t\t<\/div>\n\t\t\t\t<\/div>\n\t\t\t\t<div class=\"elementor-element elementor-element-a5bc9a0 cdev_big_style_center elementor-widget elementor-widget-heading\" data-id=\"a5bc9a0\" data-element_type=\"widget\" data-widget_type=\"heading.default\">\n\t\t\t\t<div class=\"elementor-widget-container\">\n\t\t\t<h2 class=\"elementor-heading-title elementor-size-default\">Support software<\/h2>\t\t<\/div>\n\t\t\t\t<\/div>\n\t\t\t\t<div class=\"elementor-element elementor-element-6a2fdd5 elementor-widget elementor-widget-text-editor\" data-id=\"6a2fdd5\" data-element_type=\"widget\" data-widget_type=\"text-editor.default\">\n\t\t\t\t<div class=\"elementor-widget-container\">\n\t\t\t\t\t\t\t<p>Vous pouvez <a href=\"https:\/\/syzax.com\/fr\/contact\/\">solliciter OPUS SA<\/a>, pour des travaux de programmation li\u00e9s \u00e0 votre application, si vous utilisez :<\/p>\n<ul>\n<li>BECKHOFF TwinCAT NCI \/ CNC,<\/li>\n<li>et\/ou le framework OBJECTIS Machine<\/li>\n<\/ul>\t\t\t\t\t\t<\/div>\n\t\t\t\t<\/div>\n\t\t\t\t<div class=\"elementor-element elementor-element-d5e1993 elementor-align-center elementor-widget elementor-widget-button\" data-id=\"d5e1993\" data-element_type=\"widget\" data-widget_type=\"button.default\">\n\t\t\t\t<div class=\"elementor-widget-container\">\n\t\t\t\t\t\t\t<div class=\"elementor-button-wrapper\">\n\t\t\t\t\t<a class=\"elementor-button elementor-button-link elementor-size-sm\" href=\"https:\/\/syzax.com\/fr\/donnees-techniques\/\">\n\t\t\t\t\t\t<span class=\"elementor-button-content-wrapper\">\n\t\t\t\t\t\t<span class=\"elementor-button-icon\">\n\t\t\t\t<i aria-hidden=\"true\" class=\"far fa-file-pdf\"><\/i>\t\t\t<\/span>\n\t\t\t\t\t\t\t\t\t<span class=\"elementor-button-text\">Recevez la documentation technique<\/span>\n\t\t\t\t\t<\/span>\n\t\t\t\t\t<\/a>\n\t\t\t\t<\/div>\n\t\t\t\t\t\t<\/div>\n\t\t\t\t<\/div>\n\t\t\t\t\t<\/div>\n\t\t<\/div>\n\t\t\t\t<div class=\"elementor-column elementor-col-25 elementor-top-column elementor-element elementor-element-08af971\" data-id=\"08af971\" data-element_type=\"column\">\n\t\t\t<div class=\"elementor-widget-wrap\">\n\t\t\t\t\t\t\t<\/div>\n\t\t<\/div>\n\t\t\t\t\t<\/div>\n\t\t<\/section>\n\t\t\t\t<\/div>\n\t\t","protected":false},"excerpt":{"rendered":"<p>Support m\u00e9canique Nos configurateurs en ligne vous guide dans la configuration du syst\u00e8me num\u00e9rique le mieux adapt\u00e9 \u00e0 votre application. En outre, en t\u00e9l\u00e9chargeant notre manuel SYZAX, vous aurez acc\u00e8s \u00e0 diverses r\u00e8gles math\u00e9matiques et [&hellip;]<\/p>\n","protected":false},"author":1,"featured_media":0,"parent":5112,"menu_order":0,"comment_status":"closed","ping_status":"closed","template":"","meta":{"footnotes":""},"class_list":["post-5134","page","type-page","status-publish","hentry"],"yoast_head":"<!-- This site is optimized with the Yoast SEO plugin v25.1 - https:\/\/yoast.com\/wordpress\/plugins\/seo\/ -->\n<title>Aide \u00e0 la conception de modules lin\u00e9aires avec chariots - SYZAX<\/title>\n<meta name=\"description\" content=\"Aide \u00e0 la conception de modules lin\u00e9aires avec chariot. SYZAX fournit une aide \u00e0 la conception sur son syst\u00e8me de modules lin\u00e9aires modulaires.\" \/>\n<meta name=\"robots\" content=\"index, follow, max-snippet:-1, max-image-preview:large, max-video-preview:-1\" \/>\n<link rel=\"canonical\" href=\"https:\/\/syzax.com\/fr\/caracteristiques-uniques\/aide-a-la-conception\/\" \/>\n<meta property=\"og:locale\" content=\"fr_FR\" \/>\n<meta property=\"og:type\" content=\"article\" \/>\n<meta property=\"og:title\" content=\"Aide \u00e0 la conception de modules lin\u00e9aires avec chariots - SYZAX\" \/>\n<meta property=\"og:description\" content=\"Aide \u00e0 la conception de modules lin\u00e9aires avec chariot. SYZAX fournit une aide \u00e0 la conception sur son syst\u00e8me de modules lin\u00e9aires modulaires.\" \/>\n<meta property=\"og:url\" content=\"https:\/\/syzax.com\/fr\/caracteristiques-uniques\/aide-a-la-conception\/\" \/>\n<meta property=\"og:site_name\" content=\"SYZAX\" \/>\n<meta property=\"article:modified_time\" content=\"2021-04-16T09:08:32+00:00\" \/>\n<meta name=\"twitter:card\" content=\"summary_large_image\" \/>\n<meta name=\"twitter:label1\" content=\"Dur\u00e9e de lecture estim\u00e9e\" \/>\n\t<meta name=\"twitter:data1\" content=\"1 minute\" \/>\n<script type=\"application\/ld+json\" class=\"yoast-schema-graph\">{\"@context\":\"https:\/\/schema.org\",\"@graph\":[{\"@type\":\"WebPage\",\"@id\":\"https:\/\/syzax.com\/fr\/caracteristiques-uniques\/aide-a-la-conception\/\",\"url\":\"https:\/\/syzax.com\/fr\/caracteristiques-uniques\/aide-a-la-conception\/\",\"name\":\"Aide \u00e0 la conception de modules lin\u00e9aires avec chariots - SYZAX\",\"isPartOf\":{\"@id\":\"https:\/\/syzax.com\/fr\/#website\"},\"datePublished\":\"2021-03-29T13:38:22+00:00\",\"dateModified\":\"2021-04-16T09:08:32+00:00\",\"description\":\"Aide \u00e0 la conception de modules lin\u00e9aires avec chariot. SYZAX fournit une aide \u00e0 la conception sur son syst\u00e8me de modules lin\u00e9aires modulaires.\",\"breadcrumb\":{\"@id\":\"https:\/\/syzax.com\/fr\/caracteristiques-uniques\/aide-a-la-conception\/#breadcrumb\"},\"inLanguage\":\"fr-FR\",\"potentialAction\":[{\"@type\":\"ReadAction\",\"target\":[\"https:\/\/syzax.com\/fr\/caracteristiques-uniques\/aide-a-la-conception\/\"]}]},{\"@type\":\"BreadcrumbList\",\"@id\":\"https:\/\/syzax.com\/fr\/caracteristiques-uniques\/aide-a-la-conception\/#breadcrumb\",\"itemListElement\":[{\"@type\":\"ListItem\",\"position\":1,\"name\":\"Accueil\",\"item\":\"https:\/\/syzax.com\/fr\/\"},{\"@type\":\"ListItem\",\"position\":2,\"name\":\"Caract\u00e9ristiques uniques\",\"item\":\"https:\/\/syzax.com\/fr\/caracteristiques-uniques\/\"},{\"@type\":\"ListItem\",\"position\":3,\"name\":\"Aide \u00e0 la conception\"}]},{\"@type\":\"WebSite\",\"@id\":\"https:\/\/syzax.com\/fr\/#website\",\"url\":\"https:\/\/syzax.com\/fr\/\",\"name\":\"SYZAX\",\"description\":\"The modular axis system\",\"publisher\":{\"@id\":\"https:\/\/syzax.com\/fr\/#organization\"},\"potentialAction\":[{\"@type\":\"SearchAction\",\"target\":{\"@type\":\"EntryPoint\",\"urlTemplate\":\"https:\/\/syzax.com\/fr\/?s={search_term_string}\"},\"query-input\":{\"@type\":\"PropertyValueSpecification\",\"valueRequired\":true,\"valueName\":\"search_term_string\"}}],\"inLanguage\":\"fr-FR\"},{\"@type\":\"Organization\",\"@id\":\"https:\/\/syzax.com\/fr\/#organization\",\"name\":\"SYZAX | The modular linear axis system\",\"url\":\"https:\/\/syzax.com\/fr\/\",\"logo\":{\"@type\":\"ImageObject\",\"inLanguage\":\"fr-FR\",\"@id\":\"https:\/\/syzax.com\/fr\/#\/schema\/logo\/image\/\",\"url\":\"\",\"contentUrl\":\"\",\"caption\":\"SYZAX | The modular linear axis system\"},\"image\":{\"@id\":\"https:\/\/syzax.com\/fr\/#\/schema\/logo\/image\/\"}}]}<\/script>\n<!-- \/ Yoast SEO plugin. -->","yoast_head_json":{"title":"Aide \u00e0 la conception de modules lin\u00e9aires avec chariots - SYZAX","description":"Aide \u00e0 la conception de modules lin\u00e9aires avec chariot. SYZAX fournit une aide \u00e0 la conception sur son syst\u00e8me de modules lin\u00e9aires modulaires.","robots":{"index":"index","follow":"follow","max-snippet":"max-snippet:-1","max-image-preview":"max-image-preview:large","max-video-preview":"max-video-preview:-1"},"canonical":"https:\/\/syzax.com\/fr\/caracteristiques-uniques\/aide-a-la-conception\/","og_locale":"fr_FR","og_type":"article","og_title":"Aide \u00e0 la conception de modules lin\u00e9aires avec chariots - SYZAX","og_description":"Aide \u00e0 la conception de modules lin\u00e9aires avec chariot. SYZAX fournit une aide \u00e0 la conception sur son syst\u00e8me de modules lin\u00e9aires modulaires.","og_url":"https:\/\/syzax.com\/fr\/caracteristiques-uniques\/aide-a-la-conception\/","og_site_name":"SYZAX","article_modified_time":"2021-04-16T09:08:32+00:00","twitter_card":"summary_large_image","twitter_misc":{"Dur\u00e9e de lecture estim\u00e9e":"1 minute"},"schema":{"@context":"https:\/\/schema.org","@graph":[{"@type":"WebPage","@id":"https:\/\/syzax.com\/fr\/caracteristiques-uniques\/aide-a-la-conception\/","url":"https:\/\/syzax.com\/fr\/caracteristiques-uniques\/aide-a-la-conception\/","name":"Aide \u00e0 la conception de modules lin\u00e9aires avec chariots - SYZAX","isPartOf":{"@id":"https:\/\/syzax.com\/fr\/#website"},"datePublished":"2021-03-29T13:38:22+00:00","dateModified":"2021-04-16T09:08:32+00:00","description":"Aide \u00e0 la conception de modules lin\u00e9aires avec chariot. SYZAX fournit une aide \u00e0 la conception sur son syst\u00e8me de modules lin\u00e9aires modulaires.","breadcrumb":{"@id":"https:\/\/syzax.com\/fr\/caracteristiques-uniques\/aide-a-la-conception\/#breadcrumb"},"inLanguage":"fr-FR","potentialAction":[{"@type":"ReadAction","target":["https:\/\/syzax.com\/fr\/caracteristiques-uniques\/aide-a-la-conception\/"]}]},{"@type":"BreadcrumbList","@id":"https:\/\/syzax.com\/fr\/caracteristiques-uniques\/aide-a-la-conception\/#breadcrumb","itemListElement":[{"@type":"ListItem","position":1,"name":"Accueil","item":"https:\/\/syzax.com\/fr\/"},{"@type":"ListItem","position":2,"name":"Caract\u00e9ristiques uniques","item":"https:\/\/syzax.com\/fr\/caracteristiques-uniques\/"},{"@type":"ListItem","position":3,"name":"Aide \u00e0 la conception"}]},{"@type":"WebSite","@id":"https:\/\/syzax.com\/fr\/#website","url":"https:\/\/syzax.com\/fr\/","name":"SYZAX","description":"The modular axis system","publisher":{"@id":"https:\/\/syzax.com\/fr\/#organization"},"potentialAction":[{"@type":"SearchAction","target":{"@type":"EntryPoint","urlTemplate":"https:\/\/syzax.com\/fr\/?s={search_term_string}"},"query-input":{"@type":"PropertyValueSpecification","valueRequired":true,"valueName":"search_term_string"}}],"inLanguage":"fr-FR"},{"@type":"Organization","@id":"https:\/\/syzax.com\/fr\/#organization","name":"SYZAX | The modular linear axis system","url":"https:\/\/syzax.com\/fr\/","logo":{"@type":"ImageObject","inLanguage":"fr-FR","@id":"https:\/\/syzax.com\/fr\/#\/schema\/logo\/image\/","url":"","contentUrl":"","caption":"SYZAX | The modular linear axis system"},"image":{"@id":"https:\/\/syzax.com\/fr\/#\/schema\/logo\/image\/"}}]}},"_links":{"self":[{"href":"https:\/\/syzax.com\/fr\/wp-json\/wp\/v2\/pages\/5134","targetHints":{"allow":["GET"]}}],"collection":[{"href":"https:\/\/syzax.com\/fr\/wp-json\/wp\/v2\/pages"}],"about":[{"href":"https:\/\/syzax.com\/fr\/wp-json\/wp\/v2\/types\/page"}],"author":[{"embeddable":true,"href":"https:\/\/syzax.com\/fr\/wp-json\/wp\/v2\/users\/1"}],"replies":[{"embeddable":true,"href":"https:\/\/syzax.com\/fr\/wp-json\/wp\/v2\/comments?post=5134"}],"version-history":[{"count":0,"href":"https:\/\/syzax.com\/fr\/wp-json\/wp\/v2\/pages\/5134\/revisions"}],"up":[{"embeddable":true,"href":"https:\/\/syzax.com\/fr\/wp-json\/wp\/v2\/pages\/5112"}],"wp:attachment":[{"href":"https:\/\/syzax.com\/fr\/wp-json\/wp\/v2\/media?parent=5134"}],"curies":[{"name":"wp","href":"https:\/\/api.w.org\/{rel}","templated":true}]}}