{"id":5113,"date":"2021-03-29T15:14:06","date_gmt":"2021-03-29T13:14:06","guid":{"rendered":"https:\/\/syzax.com\/caracteristiques-uniques\/compact-performant-precis\/"},"modified":"2021-03-31T14:09:41","modified_gmt":"2021-03-31T12:09:41","slug":"compact-performant-precis","status":"publish","type":"page","link":"https:\/\/syzax.com\/fr\/caracteristiques-uniques\/compact-performant-precis\/","title":{"rendered":"Compact, Performant &amp; Pr\u00e9cis"},"content":{"rendered":"\t\t<div data-elementor-type=\"wp-page\" data-elementor-id=\"5113\" class=\"elementor elementor-5113 elementor-3886\">\n\t\t\t\t\t\t<section class=\"elementor-section elementor-top-section elementor-element elementor-element-b3c378b elementor-section-boxed elementor-section-height-default elementor-section-height-default\" data-id=\"b3c378b\" data-element_type=\"section\">\n\t\t\t\t\t\t<div class=\"elementor-container elementor-column-gap-wider\">\n\t\t\t\t\t<div class=\"elementor-column elementor-col-50 elementor-top-column elementor-element elementor-element-ec2530a elementor-invisible\" data-id=\"ec2530a\" data-element_type=\"column\" data-settings=\"{&quot;animation&quot;:&quot;fadeInLeft&quot;}\">\n\t\t\t<div class=\"elementor-widget-wrap elementor-element-populated\">\n\t\t\t\t\t\t<div class=\"elementor-element elementor-element-870499d cdev_big_style_left elementor-widget elementor-widget-heading\" data-id=\"870499d\" data-element_type=\"widget\" data-widget_type=\"heading.default\">\n\t\t\t\t<div class=\"elementor-widget-container\">\n\t\t\t<h2 class=\"elementor-heading-title elementor-size-default\">Compact : module<\/h2>\t\t<\/div>\n\t\t\t\t<\/div>\n\t\t\t\t<div class=\"elementor-element elementor-element-41b1ebc elementor-widget elementor-widget-text-editor\" data-id=\"41b1ebc\" data-element_type=\"widget\" data-widget_type=\"text-editor.default\">\n\t\t\t\t<div class=\"elementor-widget-container\">\n\t\t\t\t\t\t\t<p>\u00c0 l\u2019exception des but\u00e9es, les <strong>modules SYZAX ne sont constitu\u00e9es que de 2 pi\u00e8ces usin\u00e9es<\/strong> ! La conception bien pens\u00e9e de ces 2 pi\u00e8ces permet d\u2019y int\u00e9grer toutes les fonctions du module. Ainsi, chaque module est <strong>tr\u00e8s compact et la masse mobile est minimis\u00e9e<\/strong>.<\/p>\n\t\t\t\t\t\t<\/div>\n\t\t\t\t<\/div>\n\t\t\t\t\t<\/div>\n\t\t<\/div>\n\t\t\t\t<div class=\"elementor-column elementor-col-50 elementor-top-column elementor-element elementor-element-cde0cae elementor-invisible\" data-id=\"cde0cae\" data-element_type=\"column\" data-settings=\"{&quot;animation&quot;:&quot;fadeInRight&quot;}\">\n\t\t\t<div class=\"elementor-widget-wrap elementor-element-populated\">\n\t\t\t\t\t\t<div class=\"elementor-element elementor-element-e9f2450 elementor-invisible elementor-widget elementor-widget-image\" data-id=\"e9f2450\" data-element_type=\"widget\" data-settings=\"{&quot;_animation&quot;:&quot;zoomIn&quot;}\" data-widget_type=\"image.default\">\n\t\t\t\t<div class=\"elementor-widget-container\">\n\t\t\t\t\t\t\t\t\t\t\t\t\t<img fetchpriority=\"high\" decoding=\"async\" width=\"500\" height=\"238\" src=\"https:\/\/syzax.com\/wp-content\/uploads\/2021\/03\/SYZAX-encombrement.jpg\" class=\"attachment-large size-large wp-image-4088\" alt=\"SYZAX axis footprint\" \/>\t\t\t\t\t\t\t\t\t\t\t\t\t<\/div>\n\t\t\t\t<\/div>\n\t\t\t\t\t<\/div>\n\t\t<\/div>\n\t\t\t\t\t<\/div>\n\t\t<\/section>\n\t\t\t\t<section class=\"elementor-section elementor-top-section elementor-element elementor-element-17f27f3 elementor-section-boxed elementor-section-height-default elementor-section-height-default\" data-id=\"17f27f3\" data-element_type=\"section\">\n\t\t\t\t\t\t<div class=\"elementor-container elementor-column-gap-wider\">\n\t\t\t\t\t<div class=\"elementor-column elementor-col-100 elementor-top-column elementor-element elementor-element-129eb0c\" data-id=\"129eb0c\" data-element_type=\"column\">\n\t\t\t<div class=\"elementor-widget-wrap elementor-element-populated\">\n\t\t\t\t\t\t<section class=\"elementor-section elementor-inner-section elementor-element elementor-element-cd5f6ac elementor-section-boxed elementor-section-height-default elementor-section-height-default\" data-id=\"cd5f6ac\" data-element_type=\"section\">\n\t\t\t\t\t\t<div class=\"elementor-container elementor-column-gap-default\">\n\t\t\t\t\t<div class=\"elementor-column elementor-col-50 elementor-inner-column elementor-element elementor-element-45c31bf\" data-id=\"45c31bf\" data-element_type=\"column\">\n\t\t\t<div class=\"elementor-widget-wrap elementor-element-populated\">\n\t\t\t\t\t\t<div class=\"elementor-element elementor-element-1e2eee3 cdev_big_style_left elementor-widget elementor-widget-heading\" data-id=\"1e2eee3\" data-element_type=\"widget\" data-widget_type=\"heading.default\">\n\t\t\t\t<div class=\"elementor-widget-container\">\n\t\t\t<h2 class=\"elementor-heading-title elementor-size-default\">Compact : syst\u00e8mes multiaxes<\/h2>\t\t<\/div>\n\t\t\t\t<\/div>\n\t\t\t\t\t<\/div>\n\t\t<\/div>\n\t\t\t\t<div class=\"elementor-column elementor-col-50 elementor-inner-column elementor-element elementor-element-22e9e15 elementor-hidden-phone\" data-id=\"22e9e15\" data-element_type=\"column\">\n\t\t\t<div class=\"elementor-widget-wrap elementor-element-populated\">\n\t\t\t\t\t\t<div class=\"elementor-element elementor-element-fbf88e1 cdev_big_style_left elementor-hidden-phone elementor-widget elementor-widget-heading\" data-id=\"fbf88e1\" data-element_type=\"widget\" data-widget_type=\"heading.default\">\n\t\t\t\t<div class=\"elementor-widget-container\">\n\t\t\t<h4 class=\"elementor-heading-title elementor-size-default\">Exemple pour un robot 3 axes en configuration porte-\u00e0-faux<\/h4>\t\t<\/div>\n\t\t\t\t<\/div>\n\t\t\t\t\t<\/div>\n\t\t<\/div>\n\t\t\t\t\t<\/div>\n\t\t<\/section>\n\t\t\t\t<section class=\"elementor-section elementor-inner-section elementor-element elementor-element-ad31c17 elementor-section-boxed elementor-section-height-default elementor-section-height-default\" data-id=\"ad31c17\" data-element_type=\"section\">\n\t\t\t\t\t\t<div class=\"elementor-container elementor-column-gap-wider\">\n\t\t\t\t\t<div class=\"elementor-column elementor-col-33 elementor-inner-column elementor-element elementor-element-dc50e02 elementor-invisible\" data-id=\"dc50e02\" data-element_type=\"column\" data-settings=\"{&quot;animation&quot;:&quot;fadeInLeft&quot;}\">\n\t\t\t<div class=\"elementor-widget-wrap elementor-element-populated\">\n\t\t\t\t\t\t<div class=\"elementor-element elementor-element-3696a70 elementor-invisible elementor-widget elementor-widget-text-editor\" data-id=\"3696a70\" data-element_type=\"widget\" data-settings=\"{&quot;_animation&quot;:&quot;zoomIn&quot;}\" data-widget_type=\"text-editor.default\">\n\t\t\t\t<div class=\"elementor-widget-container\">\n\t\t\t\t\t\t\t<p>Cette caract\u00e9ristique de compacit\u00e9 est \u00e9galement valable pour les syst\u00e8mes multiaxes tels que les tables XY ou les robots cart\u00e9siens construits \u00e0 l\u2019aide de modules <strong>SYZAX <\/strong>:<\/p><ul><li>Les tables XY <strong>SYZAX <\/strong>sont mont\u00e9es uniquement avec des vis et des goupilles de positionnement.<\/li><li>L\u2019assemblage des robots cart\u00e9siens <strong>SYZAX <\/strong>ne n\u00e9cessite qu\u2019<strong>une seule pi\u00e8ce de liaison suppl\u00e9mentaire<\/strong>.<\/li><\/ul>\t\t\t\t\t\t<\/div>\n\t\t\t\t<\/div>\n\t\t\t\t\t<\/div>\n\t\t<\/div>\n\t\t\t\t<div class=\"elementor-column elementor-col-33 elementor-inner-column elementor-element elementor-element-5bb4e88 elementor-invisible\" data-id=\"5bb4e88\" data-element_type=\"column\" data-settings=\"{&quot;animation&quot;:&quot;fadeInUp&quot;}\">\n\t\t\t<div class=\"elementor-widget-wrap elementor-element-populated\">\n\t\t\t\t\t\t<div class=\"elementor-element elementor-element-d01b22a elementor-invisible elementor-widget elementor-widget-image\" data-id=\"d01b22a\" data-element_type=\"widget\" data-settings=\"{&quot;_animation&quot;:&quot;zoomIn&quot;}\" data-widget_type=\"image.default\">\n\t\t\t\t<div class=\"elementor-widget-container\">\n\t\t\t\t\t\t\t\t\t\t\t\t\t<img decoding=\"async\" width=\"800\" height=\"627\" src=\"https:\/\/syzax.com\/wp-content\/uploads\/2021\/03\/SYZAX-3-Axes-1.jpg\" class=\"attachment-large size-large wp-image-3663\" alt=\"SYZAX 3 axes\" srcset=\"https:\/\/syzax.com\/wp-content\/uploads\/2021\/03\/SYZAX-3-Axes-1.jpg 800w, https:\/\/syzax.com\/wp-content\/uploads\/2021\/03\/SYZAX-3-Axes-1-768x602.jpg 768w\" sizes=\"(max-width: 800px) 100vw, 800px\" \/>\t\t\t\t\t\t\t\t\t\t\t\t\t<\/div>\n\t\t\t\t<\/div>\n\t\t\t\t\t<\/div>\n\t\t<\/div>\n\t\t\t\t<div class=\"elementor-column elementor-col-33 elementor-inner-column elementor-element elementor-element-c586876 elementor-invisible\" data-id=\"c586876\" data-element_type=\"column\" data-settings=\"{&quot;animation&quot;:&quot;fadeInRight&quot;}\">\n\t\t\t<div class=\"elementor-widget-wrap elementor-element-populated\">\n\t\t\t\t\t\t<div class=\"elementor-element elementor-element-182b872 elementor-invisible elementor-widget elementor-widget-image\" data-id=\"182b872\" data-element_type=\"widget\" data-settings=\"{&quot;_animation&quot;:&quot;zoomIn&quot;}\" data-widget_type=\"image.default\">\n\t\t\t\t<div class=\"elementor-widget-container\">\n\t\t\t\t\t\t\t\t\t\t\t\t\t<img decoding=\"async\" width=\"800\" height=\"612\" src=\"https:\/\/syzax.com\/wp-content\/uploads\/2021\/03\/SYZAX-3-Axes-2.jpg\" class=\"attachment-large size-large wp-image-3665\" alt=\"SYZAX 3 axes 2\" srcset=\"https:\/\/syzax.com\/wp-content\/uploads\/2021\/03\/SYZAX-3-Axes-2.jpg 800w, https:\/\/syzax.com\/wp-content\/uploads\/2021\/03\/SYZAX-3-Axes-2-768x588.jpg 768w\" sizes=\"(max-width: 800px) 100vw, 800px\" \/>\t\t\t\t\t\t\t\t\t\t\t\t\t<\/div>\n\t\t\t\t<\/div>\n\t\t\t\t\t<\/div>\n\t\t<\/div>\n\t\t\t\t\t<\/div>\n\t\t<\/section>\n\t\t\t\t\t<\/div>\n\t\t<\/div>\n\t\t\t\t\t<\/div>\n\t\t<\/section>\n\t\t\t\t<section class=\"elementor-section elementor-top-section elementor-element elementor-element-f04219d elementor-section-boxed elementor-section-height-default elementor-section-height-default\" data-id=\"f04219d\" data-element_type=\"section\">\n\t\t\t\t\t\t<div class=\"elementor-container elementor-column-gap-default\">\n\t\t\t\t\t<div class=\"elementor-column elementor-col-25 elementor-top-column elementor-element elementor-element-2138312\" data-id=\"2138312\" data-element_type=\"column\">\n\t\t\t<div class=\"elementor-widget-wrap\">\n\t\t\t\t\t\t\t<\/div>\n\t\t<\/div>\n\t\t\t\t<div class=\"elementor-column elementor-col-50 elementor-top-column elementor-element elementor-element-65b34b6\" data-id=\"65b34b6\" data-element_type=\"column\">\n\t\t\t<div class=\"elementor-widget-wrap elementor-element-populated\">\n\t\t\t\t\t\t<div class=\"elementor-element elementor-element-a67090b cdev_big_style_center elementor-widget elementor-widget-heading\" data-id=\"a67090b\" data-element_type=\"widget\" data-widget_type=\"heading.default\">\n\t\t\t\t<div class=\"elementor-widget-container\">\n\t\t\t<h2 class=\"elementor-heading-title elementor-size-default\">Performant<\/h2>\t\t<\/div>\n\t\t\t\t<\/div>\n\t\t\t\t<div class=\"elementor-element elementor-element-877b03d elementor-widget elementor-widget-text-editor\" data-id=\"877b03d\" data-element_type=\"widget\" data-widget_type=\"text-editor.default\">\n\t\t\t\t<div class=\"elementor-widget-container\">\n\t\t\t\t\t\t\t<p>Une cons\u00e9quence induite de la compacit\u00e9 des modules <strong>SYZAX<\/strong> est leur <strong>excellent ratio \u00ab Force \/ Dimensions hors tout \u00bb<\/strong>. Pour une course et une force donn\u00e9es, les dimensions externes de la grande majorit\u00e9 des syst\u00e8mes concurrents exc\u00e8dent de 10 \u00e0 30% celles de <strong>SYZAX<\/strong>.<\/p>\t\t\t\t\t\t<\/div>\n\t\t\t\t<\/div>\n\t\t\t\t\t<\/div>\n\t\t<\/div>\n\t\t\t\t<div class=\"elementor-column elementor-col-25 elementor-top-column elementor-element elementor-element-8f4f639\" data-id=\"8f4f639\" data-element_type=\"column\">\n\t\t\t<div class=\"elementor-widget-wrap\">\n\t\t\t\t\t\t\t<\/div>\n\t\t<\/div>\n\t\t\t\t\t<\/div>\n\t\t<\/section>\n\t\t\t\t<section class=\"elementor-section elementor-top-section elementor-element elementor-element-472242d elementor-section-boxed elementor-section-height-default elementor-section-height-default\" data-id=\"472242d\" data-element_type=\"section\">\n\t\t\t\t\t\t<div class=\"elementor-container elementor-column-gap-default\">\n\t\t\t\t\t<div class=\"elementor-column elementor-col-25 elementor-top-column elementor-element elementor-element-9a5ac7a\" data-id=\"9a5ac7a\" data-element_type=\"column\">\n\t\t\t<div class=\"elementor-widget-wrap\">\n\t\t\t\t\t\t\t<\/div>\n\t\t<\/div>\n\t\t\t\t<div class=\"elementor-column elementor-col-50 elementor-top-column elementor-element elementor-element-b4c9b0d\" data-id=\"b4c9b0d\" data-element_type=\"column\">\n\t\t\t<div class=\"elementor-widget-wrap elementor-element-populated\">\n\t\t\t\t\t\t<div class=\"elementor-element elementor-element-6afad5a cdev_big_style_center elementor-widget elementor-widget-heading\" data-id=\"6afad5a\" data-element_type=\"widget\" data-widget_type=\"heading.default\">\n\t\t\t\t<div class=\"elementor-widget-container\">\n\t\t\t<h2 class=\"elementor-heading-title elementor-size-default\">Pr\u00e9cis<\/h2>\t\t<\/div>\n\t\t\t\t<\/div>\n\t\t\t\t<div class=\"elementor-element elementor-element-c98f54f elementor-widget elementor-widget-text-editor\" data-id=\"c98f54f\" data-element_type=\"widget\" data-widget_type=\"text-editor.default\">\n\t\t\t\t<div class=\"elementor-widget-container\">\n\t\t\t\t\t\t\t<p>Les modules <strong>SYZAX <\/strong>sont disponibles avec 3 types d\u2019encodeurs diff\u00e9rents (r\u00e9solutions de 0,25, 0,5 resp. 0,1 \u00b5m). Selon le type d\u2019encodeur choisi, la pr\u00e9cision obtenue apr\u00e8s mapping des axes peut atteindre 3 \u00b5m\/m, avec une pr\u00e9cision \u00ab locale \u00bb atteignant 0,1 \u00b5m\/mm avec l\u2019encodeur le plus fin.<\/p><p>Chaque module <strong>SYZAX <\/strong>dispose d&rsquo;un circuit de refroidissement liquide. En cas de contraintes thermiques, cette fonction maintient la temp\u00e9rature sous contr\u00f4le et assure le respect des sp\u00e9cifications annonc\u00e9es.<\/p><p>Voir toutes les caract\u00e9ristiques techniques des axes : r\u00e9p\u00e9tabilit\u00e9, pr\u00e9cision, force, sur notre document technique.<\/p>\t\t\t\t\t\t<\/div>\n\t\t\t\t<\/div>\n\t\t\t\t<div class=\"elementor-element elementor-element-578d83b elementor-align-center elementor-widget elementor-widget-button\" data-id=\"578d83b\" data-element_type=\"widget\" data-widget_type=\"button.default\">\n\t\t\t\t<div class=\"elementor-widget-container\">\n\t\t\t\t\t\t\t<div class=\"elementor-button-wrapper\">\n\t\t\t\t\t<a class=\"elementor-button elementor-button-link elementor-size-sm\" href=\"https:\/\/syzax.com\/fr\/donnees-techniques\/\">\n\t\t\t\t\t\t<span class=\"elementor-button-content-wrapper\">\n\t\t\t\t\t\t<span class=\"elementor-button-icon\">\n\t\t\t\t<i aria-hidden=\"true\" class=\"far fa-file-pdf\"><\/i>\t\t\t<\/span>\n\t\t\t\t\t\t\t\t\t<span class=\"elementor-button-text\">Recevez la documentation technique de SYZAX <\/span>\n\t\t\t\t\t<\/span>\n\t\t\t\t\t<\/a>\n\t\t\t\t<\/div>\n\t\t\t\t\t\t<\/div>\n\t\t\t\t<\/div>\n\t\t\t\t\t<\/div>\n\t\t<\/div>\n\t\t\t\t<div class=\"elementor-column elementor-col-25 elementor-top-column elementor-element elementor-element-1c78654\" data-id=\"1c78654\" data-element_type=\"column\">\n\t\t\t<div class=\"elementor-widget-wrap\">\n\t\t\t\t\t\t\t<\/div>\n\t\t<\/div>\n\t\t\t\t\t<\/div>\n\t\t<\/section>\n\t\t\t\t<\/div>\n\t\t","protected":false},"excerpt":{"rendered":"<p>Compact : module \u00c0 l\u2019exception des but\u00e9es, les modules SYZAX ne sont constitu\u00e9es que de 2 pi\u00e8ces usin\u00e9es ! La conception bien pens\u00e9e de ces 2 pi\u00e8ces permet d\u2019y int\u00e9grer toutes les fonctions du module. [&hellip;]<\/p>\n","protected":false},"author":1,"featured_media":0,"parent":5112,"menu_order":0,"comment_status":"closed","ping_status":"closed","template":"","meta":{"footnotes":""},"class_list":["post-5113","page","type-page","status-publish","hentry"],"yoast_head":"<!-- This site is optimized with the Yoast SEO plugin v25.1 - https:\/\/yoast.com\/wordpress\/plugins\/seo\/ -->\n<title>Table XY : multiaxes pour table XY compact, puissant et pr\u00e9cis - SYZAX<\/title>\n<meta name=\"description\" content=\"Table XY avec un syst\u00e8me multiaxes con\u00e7u pour \u00eatre le plus compact, puissant et pr\u00e9cis. Syst\u00e8me multiaxes de table XY pour l&#039;automatisation.\" \/>\n<meta name=\"robots\" content=\"index, follow, max-snippet:-1, max-image-preview:large, max-video-preview:-1\" \/>\n<link rel=\"canonical\" href=\"https:\/\/syzax.com\/fr\/caracteristiques-uniques\/compact-performant-precis\/\" \/>\n<meta property=\"og:locale\" content=\"fr_FR\" \/>\n<meta property=\"og:type\" content=\"article\" \/>\n<meta property=\"og:title\" content=\"Table XY : multiaxes pour table XY compact, puissant et pr\u00e9cis - SYZAX\" \/>\n<meta property=\"og:description\" content=\"Table XY avec un syst\u00e8me multiaxes con\u00e7u pour \u00eatre le plus compact, puissant et pr\u00e9cis. Syst\u00e8me multiaxes de table XY pour l&#039;automatisation.\" \/>\n<meta property=\"og:url\" content=\"https:\/\/syzax.com\/fr\/caracteristiques-uniques\/compact-performant-precis\/\" \/>\n<meta property=\"og:site_name\" content=\"SYZAX\" \/>\n<meta property=\"article:modified_time\" content=\"2021-03-31T12:09:41+00:00\" \/>\n<meta property=\"og:image\" content=\"https:\/\/syzax.com\/wp-content\/uploads\/2021\/03\/SYZAX-encombrement.jpg\" \/>\n<meta name=\"twitter:card\" content=\"summary_large_image\" \/>\n<meta name=\"twitter:label1\" content=\"Dur\u00e9e de lecture estim\u00e9e\" \/>\n\t<meta name=\"twitter:data1\" content=\"2 minutes\" \/>\n<script type=\"application\/ld+json\" class=\"yoast-schema-graph\">{\"@context\":\"https:\/\/schema.org\",\"@graph\":[{\"@type\":\"WebPage\",\"@id\":\"https:\/\/syzax.com\/fr\/caracteristiques-uniques\/compact-performant-precis\/\",\"url\":\"https:\/\/syzax.com\/fr\/caracteristiques-uniques\/compact-performant-precis\/\",\"name\":\"Table XY : multiaxes pour table XY compact, puissant et pr\u00e9cis - SYZAX\",\"isPartOf\":{\"@id\":\"https:\/\/syzax.com\/fr\/#website\"},\"primaryImageOfPage\":{\"@id\":\"https:\/\/syzax.com\/fr\/caracteristiques-uniques\/compact-performant-precis\/#primaryimage\"},\"image\":{\"@id\":\"https:\/\/syzax.com\/fr\/caracteristiques-uniques\/compact-performant-precis\/#primaryimage\"},\"thumbnailUrl\":\"https:\/\/syzax.com\/wp-content\/uploads\/2021\/03\/SYZAX-encombrement.jpg\",\"datePublished\":\"2021-03-29T13:14:06+00:00\",\"dateModified\":\"2021-03-31T12:09:41+00:00\",\"description\":\"Table XY avec un syst\u00e8me multiaxes con\u00e7u pour \u00eatre le plus compact, puissant et pr\u00e9cis. Syst\u00e8me multiaxes de table XY pour l'automatisation.\",\"breadcrumb\":{\"@id\":\"https:\/\/syzax.com\/fr\/caracteristiques-uniques\/compact-performant-precis\/#breadcrumb\"},\"inLanguage\":\"fr-FR\",\"potentialAction\":[{\"@type\":\"ReadAction\",\"target\":[\"https:\/\/syzax.com\/fr\/caracteristiques-uniques\/compact-performant-precis\/\"]}]},{\"@type\":\"ImageObject\",\"inLanguage\":\"fr-FR\",\"@id\":\"https:\/\/syzax.com\/fr\/caracteristiques-uniques\/compact-performant-precis\/#primaryimage\",\"url\":\"https:\/\/syzax.com\/wp-content\/uploads\/2021\/03\/SYZAX-encombrement.jpg\",\"contentUrl\":\"https:\/\/syzax.com\/wp-content\/uploads\/2021\/03\/SYZAX-encombrement.jpg\"},{\"@type\":\"BreadcrumbList\",\"@id\":\"https:\/\/syzax.com\/fr\/caracteristiques-uniques\/compact-performant-precis\/#breadcrumb\",\"itemListElement\":[{\"@type\":\"ListItem\",\"position\":1,\"name\":\"Accueil\",\"item\":\"https:\/\/syzax.com\/fr\/\"},{\"@type\":\"ListItem\",\"position\":2,\"name\":\"Caract\u00e9ristiques uniques\",\"item\":\"https:\/\/syzax.com\/fr\/caracteristiques-uniques\/\"},{\"@type\":\"ListItem\",\"position\":3,\"name\":\"Compact, Performant &amp; Pr\u00e9cis\"}]},{\"@type\":\"WebSite\",\"@id\":\"https:\/\/syzax.com\/fr\/#website\",\"url\":\"https:\/\/syzax.com\/fr\/\",\"name\":\"SYZAX\",\"description\":\"The modular axis system\",\"publisher\":{\"@id\":\"https:\/\/syzax.com\/fr\/#organization\"},\"potentialAction\":[{\"@type\":\"SearchAction\",\"target\":{\"@type\":\"EntryPoint\",\"urlTemplate\":\"https:\/\/syzax.com\/fr\/?s={search_term_string}\"},\"query-input\":{\"@type\":\"PropertyValueSpecification\",\"valueRequired\":true,\"valueName\":\"search_term_string\"}}],\"inLanguage\":\"fr-FR\"},{\"@type\":\"Organization\",\"@id\":\"https:\/\/syzax.com\/fr\/#organization\",\"name\":\"SYZAX | The modular linear axis system\",\"url\":\"https:\/\/syzax.com\/fr\/\",\"logo\":{\"@type\":\"ImageObject\",\"inLanguage\":\"fr-FR\",\"@id\":\"https:\/\/syzax.com\/fr\/#\/schema\/logo\/image\/\",\"url\":\"\",\"contentUrl\":\"\",\"caption\":\"SYZAX | The modular linear axis system\"},\"image\":{\"@id\":\"https:\/\/syzax.com\/fr\/#\/schema\/logo\/image\/\"}}]}<\/script>\n<!-- \/ Yoast SEO plugin. -->","yoast_head_json":{"title":"Table XY : multiaxes pour table XY compact, puissant et pr\u00e9cis - SYZAX","description":"Table XY avec un syst\u00e8me multiaxes con\u00e7u pour \u00eatre le plus compact, puissant et pr\u00e9cis. Syst\u00e8me multiaxes de table XY pour l'automatisation.","robots":{"index":"index","follow":"follow","max-snippet":"max-snippet:-1","max-image-preview":"max-image-preview:large","max-video-preview":"max-video-preview:-1"},"canonical":"https:\/\/syzax.com\/fr\/caracteristiques-uniques\/compact-performant-precis\/","og_locale":"fr_FR","og_type":"article","og_title":"Table XY : multiaxes pour table XY compact, puissant et pr\u00e9cis - SYZAX","og_description":"Table XY avec un syst\u00e8me multiaxes con\u00e7u pour \u00eatre le plus compact, puissant et pr\u00e9cis. Syst\u00e8me multiaxes de table XY pour l'automatisation.","og_url":"https:\/\/syzax.com\/fr\/caracteristiques-uniques\/compact-performant-precis\/","og_site_name":"SYZAX","article_modified_time":"2021-03-31T12:09:41+00:00","og_image":[{"url":"https:\/\/syzax.com\/wp-content\/uploads\/2021\/03\/SYZAX-encombrement.jpg","type":"","width":"","height":""}],"twitter_card":"summary_large_image","twitter_misc":{"Dur\u00e9e de lecture estim\u00e9e":"2 minutes"},"schema":{"@context":"https:\/\/schema.org","@graph":[{"@type":"WebPage","@id":"https:\/\/syzax.com\/fr\/caracteristiques-uniques\/compact-performant-precis\/","url":"https:\/\/syzax.com\/fr\/caracteristiques-uniques\/compact-performant-precis\/","name":"Table XY : multiaxes pour table XY compact, puissant et pr\u00e9cis - SYZAX","isPartOf":{"@id":"https:\/\/syzax.com\/fr\/#website"},"primaryImageOfPage":{"@id":"https:\/\/syzax.com\/fr\/caracteristiques-uniques\/compact-performant-precis\/#primaryimage"},"image":{"@id":"https:\/\/syzax.com\/fr\/caracteristiques-uniques\/compact-performant-precis\/#primaryimage"},"thumbnailUrl":"https:\/\/syzax.com\/wp-content\/uploads\/2021\/03\/SYZAX-encombrement.jpg","datePublished":"2021-03-29T13:14:06+00:00","dateModified":"2021-03-31T12:09:41+00:00","description":"Table XY avec un syst\u00e8me multiaxes con\u00e7u pour \u00eatre le plus compact, puissant et pr\u00e9cis. Syst\u00e8me multiaxes de table XY pour l'automatisation.","breadcrumb":{"@id":"https:\/\/syzax.com\/fr\/caracteristiques-uniques\/compact-performant-precis\/#breadcrumb"},"inLanguage":"fr-FR","potentialAction":[{"@type":"ReadAction","target":["https:\/\/syzax.com\/fr\/caracteristiques-uniques\/compact-performant-precis\/"]}]},{"@type":"ImageObject","inLanguage":"fr-FR","@id":"https:\/\/syzax.com\/fr\/caracteristiques-uniques\/compact-performant-precis\/#primaryimage","url":"https:\/\/syzax.com\/wp-content\/uploads\/2021\/03\/SYZAX-encombrement.jpg","contentUrl":"https:\/\/syzax.com\/wp-content\/uploads\/2021\/03\/SYZAX-encombrement.jpg"},{"@type":"BreadcrumbList","@id":"https:\/\/syzax.com\/fr\/caracteristiques-uniques\/compact-performant-precis\/#breadcrumb","itemListElement":[{"@type":"ListItem","position":1,"name":"Accueil","item":"https:\/\/syzax.com\/fr\/"},{"@type":"ListItem","position":2,"name":"Caract\u00e9ristiques uniques","item":"https:\/\/syzax.com\/fr\/caracteristiques-uniques\/"},{"@type":"ListItem","position":3,"name":"Compact, Performant &amp; Pr\u00e9cis"}]},{"@type":"WebSite","@id":"https:\/\/syzax.com\/fr\/#website","url":"https:\/\/syzax.com\/fr\/","name":"SYZAX","description":"The modular axis system","publisher":{"@id":"https:\/\/syzax.com\/fr\/#organization"},"potentialAction":[{"@type":"SearchAction","target":{"@type":"EntryPoint","urlTemplate":"https:\/\/syzax.com\/fr\/?s={search_term_string}"},"query-input":{"@type":"PropertyValueSpecification","valueRequired":true,"valueName":"search_term_string"}}],"inLanguage":"fr-FR"},{"@type":"Organization","@id":"https:\/\/syzax.com\/fr\/#organization","name":"SYZAX | The modular linear axis system","url":"https:\/\/syzax.com\/fr\/","logo":{"@type":"ImageObject","inLanguage":"fr-FR","@id":"https:\/\/syzax.com\/fr\/#\/schema\/logo\/image\/","url":"","contentUrl":"","caption":"SYZAX | The modular linear axis system"},"image":{"@id":"https:\/\/syzax.com\/fr\/#\/schema\/logo\/image\/"}}]}},"_links":{"self":[{"href":"https:\/\/syzax.com\/fr\/wp-json\/wp\/v2\/pages\/5113","targetHints":{"allow":["GET"]}}],"collection":[{"href":"https:\/\/syzax.com\/fr\/wp-json\/wp\/v2\/pages"}],"about":[{"href":"https:\/\/syzax.com\/fr\/wp-json\/wp\/v2\/types\/page"}],"author":[{"embeddable":true,"href":"https:\/\/syzax.com\/fr\/wp-json\/wp\/v2\/users\/1"}],"replies":[{"embeddable":true,"href":"https:\/\/syzax.com\/fr\/wp-json\/wp\/v2\/comments?post=5113"}],"version-history":[{"count":0,"href":"https:\/\/syzax.com\/fr\/wp-json\/wp\/v2\/pages\/5113\/revisions"}],"up":[{"embeddable":true,"href":"https:\/\/syzax.com\/fr\/wp-json\/wp\/v2\/pages\/5112"}],"wp:attachment":[{"href":"https:\/\/syzax.com\/fr\/wp-json\/wp\/v2\/media?parent=5113"}],"curies":[{"name":"wp","href":"https:\/\/api.w.org\/{rel}","templated":true}]}}