{"id":5099,"date":"2021-03-29T12:12:03","date_gmt":"2021-03-29T10:12:03","guid":{"rendered":"https:\/\/syzax.com\/plateforme-syzax\/"},"modified":"2021-04-07T09:18:51","modified_gmt":"2021-04-07T07:18:51","slug":"plateforme-syzax","status":"publish","type":"page","link":"https:\/\/syzax.com\/fr\/plateforme-syzax\/","title":{"rendered":"Plateforme SYZAX"},"content":{"rendered":"\t\t<div data-elementor-type=\"wp-page\" data-elementor-id=\"5099\" class=\"elementor elementor-5099 elementor-4322\">\n\t\t\t\t\t\t<section class=\"elementor-section elementor-top-section elementor-element elementor-element-2112bf6 elementor-section-boxed elementor-section-height-default elementor-section-height-default\" data-id=\"2112bf6\" data-element_type=\"section\">\n\t\t\t\t\t\t<div class=\"elementor-container elementor-column-gap-wider\">\n\t\t\t\t\t<div class=\"elementor-column elementor-col-50 elementor-top-column elementor-element elementor-element-8c2f9bf elementor-invisible\" data-id=\"8c2f9bf\" data-element_type=\"column\" data-settings=\"{&quot;animation&quot;:&quot;fadeInLeft&quot;}\">\n\t\t\t<div class=\"elementor-widget-wrap elementor-element-populated\">\n\t\t\t\t\t\t<div class=\"elementor-element elementor-element-91b365b cdev_big_style_left elementor-widget elementor-widget-heading\" data-id=\"91b365b\" data-element_type=\"widget\" data-widget_type=\"heading.default\">\n\t\t\t\t<div class=\"elementor-widget-container\">\n\t\t\t<h2 class=\"elementor-heading-title elementor-size-default\">Syst\u00e8me automatis\u00e9<\/h2>\t\t<\/div>\n\t\t\t\t<\/div>\n\t\t\t\t<div class=\"elementor-element elementor-element-5117e80 elementor-widget elementor-widget-heading\" data-id=\"5117e80\" data-element_type=\"widget\" data-widget_type=\"heading.default\">\n\t\t\t\t<div class=\"elementor-widget-container\">\n\t\t\t<h3 class=\"elementor-heading-title elementor-size-default\">Syst\u00e8mes partiellement ou enti\u00e8rement automatis\u00e9s \u00ab by OPUS \u00bb pour applications et clients exigeants<\/h3>\t\t<\/div>\n\t\t\t\t<\/div>\n\t\t\t\t<div class=\"elementor-element elementor-element-fbc5c38 elementor-widget elementor-widget-text-editor\" data-id=\"fbc5c38\" data-element_type=\"widget\" data-widget_type=\"text-editor.default\">\n\t\t\t\t<div class=\"elementor-widget-container\">\n\t\t\t\t\t\t\t<p>Depuis pr\u00e8s de 20 ans, Opus SA est une soci\u00e9t\u00e9 High Tech qui d\u00e9ploie ses comp\u00e9tences dans le domaine de l\u2019automatisation industrielle de pr\u00e9cision et dans la conception et la r\u00e9alisation de syst\u00e8mes optiques \u00e0 grande valeur ajout\u00e9e. .<\/p><p>OPUS exploite notamment les modules <strong>SYZAX <\/strong>pour cr\u00e9er des plateformes sp\u00e9cifiques aux besoins de ses clients.<\/p><p>Dans ce contexte, OPUS a d\u00e9velopp\u00e9 une plateforme standardis\u00e9e qui permet l\u2019int\u00e9gration d\u2019enceintes de protection (gaz inerte, vide) et qui offre un environnement informatique facilitant le param\u00e9trage et le contr\u00f4le de trajectoires 3D complexes, rapides et pr\u00e9cises.<\/p>\t\t\t\t\t\t<\/div>\n\t\t\t\t<\/div>\n\t\t\t\t\t<\/div>\n\t\t<\/div>\n\t\t\t\t<div class=\"elementor-column elementor-col-50 elementor-top-column elementor-element elementor-element-46147dd elementor-invisible\" data-id=\"46147dd\" data-element_type=\"column\" data-settings=\"{&quot;animation&quot;:&quot;fadeInRight&quot;}\">\n\t\t\t<div class=\"elementor-widget-wrap elementor-element-populated\">\n\t\t\t\t\t\t<div class=\"elementor-element elementor-element-4b00ac4 elementor-invisible elementor-widget elementor-widget-image\" data-id=\"4b00ac4\" data-element_type=\"widget\" data-settings=\"{&quot;_animation&quot;:&quot;zoomIn&quot;}\" data-widget_type=\"image.default\">\n\t\t\t\t<div class=\"elementor-widget-container\">\n\t\t\t\t\t\t\t\t\t\t\t\t\t<img fetchpriority=\"high\" decoding=\"async\" width=\"500\" height=\"714\" src=\"https:\/\/syzax.com\/wp-content\/uploads\/2021\/03\/SYZAX-Automatise-ou-semi-automatise.jpg\" class=\"attachment-large size-large wp-image-4826\" alt=\"SYZAX Automatis\u00e9 ou semi-automatis\u00e9\" \/>\t\t\t\t\t\t\t\t\t\t\t\t\t<\/div>\n\t\t\t\t<\/div>\n\t\t\t\t\t<\/div>\n\t\t<\/div>\n\t\t\t\t\t<\/div>\n\t\t<\/section>\n\t\t\t\t<section class=\"elementor-section elementor-top-section elementor-element elementor-element-5b6001e elementor-section-boxed elementor-section-height-default elementor-section-height-default\" data-id=\"5b6001e\" data-element_type=\"section\">\n\t\t\t\t\t\t<div class=\"elementor-container elementor-column-gap-wider\">\n\t\t\t\t\t<div class=\"elementor-column elementor-col-50 elementor-top-column elementor-element elementor-element-9356c97 elementor-invisible\" data-id=\"9356c97\" data-element_type=\"column\" data-settings=\"{&quot;animation&quot;:&quot;fadeInLeft&quot;}\">\n\t\t\t<div class=\"elementor-widget-wrap elementor-element-populated\">\n\t\t\t\t\t\t<div class=\"elementor-element elementor-element-e0840da cdev_big_style_left elementor-widget elementor-widget-heading\" data-id=\"e0840da\" data-element_type=\"widget\" data-widget_type=\"heading.default\">\n\t\t\t\t<div class=\"elementor-widget-container\">\n\t\t\t<h2 class=\"elementor-heading-title elementor-size-default\">Enceintes de protection<\/h2>\t\t<\/div>\n\t\t\t\t<\/div>\n\t\t\t\t<div class=\"elementor-element elementor-element-2264652 elementor-widget elementor-widget-text-editor\" data-id=\"2264652\" data-element_type=\"widget\" data-widget_type=\"text-editor.default\">\n\t\t\t\t<div class=\"elementor-widget-container\">\n\t\t\t\t\t\t\t<p>Quelques enceintes de protection disponibles pour les plateformes <strong>SYZAX <\/strong>:<\/p><ol><li>Enceinte \u00e0 gaz \u00e0 temp\u00e9rature ambiante \u2013 permettant de faire ex\u00e9cuter une op\u00e9ration en atmosph\u00e8re contr\u00f4l\u00e9e (gaz \u00e0 choix en fonction de l\u2019application).<\/li><li>Enceinte \u00e0 vide r\u00e9gul\u00e9e \u00e0 temp\u00e9rature ambiante.<\/li><li>Enceinte \u00e0 vide r\u00e9gul\u00e9 \u00e0 temp\u00e9rature extr\u00eame \u2013 jusqu\u2019\u00e0 \u2013 200\u00b0 C (r\u00e9alis\u00e9e pour le spatial).<\/li><li>d. Enceinte \u00e0 gaz avec fonction de chauffage des composants \u2013 jusqu\u2019\u00e0 + 500\u00b0C.<\/li><\/ol><p>Certaines enceintes et quelques dimensions sont standardis\u00e9es. Sur demande, nous produisons \u00e9galement des chambres sp\u00e9cifiques aux besoins de nos clients.<\/p>\t\t\t\t\t\t<\/div>\n\t\t\t\t<\/div>\n\t\t\t\t\t<\/div>\n\t\t<\/div>\n\t\t\t\t<div class=\"elementor-column elementor-col-50 elementor-top-column elementor-element elementor-element-1ba7c1a elementor-invisible\" data-id=\"1ba7c1a\" data-element_type=\"column\" data-settings=\"{&quot;animation&quot;:&quot;fadeInRight&quot;}\">\n\t\t\t<div class=\"elementor-widget-wrap elementor-element-populated\">\n\t\t\t\t\t\t<div class=\"elementor-element elementor-element-ecf06c5 elementor-invisible elementor-widget elementor-widget-image\" data-id=\"ecf06c5\" data-element_type=\"widget\" data-settings=\"{&quot;_animation&quot;:&quot;zoomIn&quot;}\" data-widget_type=\"image.default\">\n\t\t\t\t<div class=\"elementor-widget-container\">\n\t\t\t\t\t\t\t\t\t\t\t\t\t<img decoding=\"async\" width=\"500\" height=\"626\" src=\"https:\/\/syzax.com\/wp-content\/uploads\/2021\/03\/SYZAX-Axe-rotatif.jpg\" class=\"attachment-large size-large wp-image-4831\" alt=\"SYZAX Axe rotatif\" \/>\t\t\t\t\t\t\t\t\t\t\t\t\t<\/div>\n\t\t\t\t<\/div>\n\t\t\t\t\t<\/div>\n\t\t<\/div>\n\t\t\t\t\t<\/div>\n\t\t<\/section>\n\t\t\t\t<section class=\"elementor-section elementor-top-section elementor-element elementor-element-11575d6 elementor-section-boxed elementor-section-height-default elementor-section-height-default\" data-id=\"11575d6\" data-element_type=\"section\">\n\t\t\t\t\t\t<div class=\"elementor-container elementor-column-gap-wider\">\n\t\t\t\t\t<div class=\"elementor-column elementor-col-50 elementor-top-column elementor-element elementor-element-a9c80b3 elementor-invisible\" data-id=\"a9c80b3\" data-element_type=\"column\" data-settings=\"{&quot;animation&quot;:&quot;fadeInLeft&quot;}\">\n\t\t\t<div class=\"elementor-widget-wrap elementor-element-populated\">\n\t\t\t\t\t\t<div class=\"elementor-element elementor-element-2635a2e cdev_big_style_left elementor-widget elementor-widget-heading\" data-id=\"2635a2e\" data-element_type=\"widget\" data-widget_type=\"heading.default\">\n\t\t\t\t<div class=\"elementor-widget-container\">\n\t\t\t<h2 class=\"elementor-heading-title elementor-size-default\">Modules rotatifs<\/h2>\t\t<\/div>\n\t\t\t\t<\/div>\n\t\t\t\t<div class=\"elementor-element elementor-element-d573b6f elementor-widget elementor-widget-text-editor\" data-id=\"d573b6f\" data-element_type=\"widget\" data-widget_type=\"text-editor.default\">\n\t\t\t\t<div class=\"elementor-widget-container\">\n\t\t\t\t\t\t\t<p>La gamme de modules lin\u00e9aires <strong>SYZAX<\/strong> est compl\u00e9t\u00e9e par :<\/p><ul><li>Un module de rotation \u00e0 monter au poignet d\u2019un robot, avec les caract\u00e9ristiques suivantes : rotation continue sur 360\u00b0, entra\u00eenement direct, codeur absolu.<\/li><li>Un module \u00ab Tilt \u00bb compos\u00e9 de 2 axes de rotation plac\u00e9s en s\u00e9rie ; ce module Tilt est suffisamment robuste pour piloter dynamiquement et avec pr\u00e9cision une masse jusqu&rsquo;\u00e0 15 kg. Il est propos\u00e9 en 2 versions : une version standard int\u00e9grable \u00e0 l\u2019int\u00e9rieur d\u2019une enceinte \u00e0 gaz OPUS et une ex\u00e9cution sp\u00e9ciale int\u00e9grable dans une chambre \u00e0 vide.<\/li><\/ul>\t\t\t\t\t\t<\/div>\n\t\t\t\t<\/div>\n\t\t\t\t\t<\/div>\n\t\t<\/div>\n\t\t\t\t<div class=\"elementor-column elementor-col-50 elementor-top-column elementor-element elementor-element-6b3b39a elementor-invisible\" data-id=\"6b3b39a\" data-element_type=\"column\" data-settings=\"{&quot;animation&quot;:&quot;fadeInRight&quot;}\">\n\t\t\t<div class=\"elementor-widget-wrap elementor-element-populated\">\n\t\t\t\t\t\t<div class=\"elementor-element elementor-element-07efdbc elementor-invisible elementor-widget elementor-widget-image\" data-id=\"07efdbc\" data-element_type=\"widget\" data-settings=\"{&quot;_animation&quot;:&quot;zoomIn&quot;}\" data-widget_type=\"image.default\">\n\t\t\t\t<div class=\"elementor-widget-container\">\n\t\t\t\t\t\t\t\t\t\t\t\t\t<img decoding=\"async\" width=\"250\" height=\"233\" src=\"https:\/\/syzax.com\/wp-content\/uploads\/2021\/03\/SYZAX-Axe-rotatif-1.jpg\" class=\"attachment-large size-large wp-image-4099\" alt=\"SYZAX rotary axis\" \/>\t\t\t\t\t\t\t\t\t\t\t\t\t<\/div>\n\t\t\t\t<\/div>\n\t\t\t\t<div class=\"elementor-element elementor-element-2d488d9 elementor-invisible elementor-widget elementor-widget-image\" data-id=\"2d488d9\" data-element_type=\"widget\" data-settings=\"{&quot;_animation&quot;:&quot;zoomIn&quot;}\" data-widget_type=\"image.default\">\n\t\t\t\t<div class=\"elementor-widget-container\">\n\t\t\t\t\t\t\t\t\t\t\t\t\t<img loading=\"lazy\" decoding=\"async\" width=\"500\" height=\"375\" src=\"https:\/\/syzax.com\/wp-content\/uploads\/2021\/03\/SYZAX-Module-rotatif.jpg\" class=\"attachment-large size-large wp-image-4661\" alt=\"SYZAX Module rotatif\" \/>\t\t\t\t\t\t\t\t\t\t\t\t\t<\/div>\n\t\t\t\t<\/div>\n\t\t\t\t\t<\/div>\n\t\t<\/div>\n\t\t\t\t\t<\/div>\n\t\t<\/section>\n\t\t\t\t<section class=\"elementor-section elementor-top-section elementor-element elementor-element-c64b674 elementor-section-boxed elementor-section-height-default elementor-section-height-default\" data-id=\"c64b674\" data-element_type=\"section\">\n\t\t\t\t\t\t<div class=\"elementor-container elementor-column-gap-default\">\n\t\t\t\t\t<div class=\"elementor-column elementor-col-100 elementor-top-column elementor-element elementor-element-8a9a5e4\" data-id=\"8a9a5e4\" data-element_type=\"column\">\n\t\t\t<div class=\"elementor-widget-wrap elementor-element-populated\">\n\t\t\t\t\t\t<div class=\"elementor-element elementor-element-e07f31c cdev_big_style_center elementor-widget elementor-widget-heading\" data-id=\"e07f31c\" data-element_type=\"widget\" data-widget_type=\"heading.default\">\n\t\t\t\t<div class=\"elementor-widget-container\">\n\t\t\t<h2 class=\"elementor-heading-title elementor-size-default\">\u00c9cosyst\u00e8me logiciel<\/h2>\t\t<\/div>\n\t\t\t\t<\/div>\n\t\t\t\t<section class=\"elementor-section elementor-inner-section elementor-element elementor-element-e4b3d62 elementor-section-boxed elementor-section-height-default elementor-section-height-default\" data-id=\"e4b3d62\" data-element_type=\"section\">\n\t\t\t\t\t\t<div class=\"elementor-container elementor-column-gap-default\">\n\t\t\t\t\t<div class=\"elementor-column elementor-col-25 elementor-inner-column elementor-element elementor-element-cfe4b27\" data-id=\"cfe4b27\" data-element_type=\"column\">\n\t\t\t<div class=\"elementor-widget-wrap\">\n\t\t\t\t\t\t\t<\/div>\n\t\t<\/div>\n\t\t\t\t<div class=\"elementor-column elementor-col-50 elementor-inner-column elementor-element elementor-element-d6e93ad\" data-id=\"d6e93ad\" data-element_type=\"column\">\n\t\t\t<div class=\"elementor-widget-wrap elementor-element-populated\">\n\t\t\t\t\t\t<div class=\"elementor-element elementor-element-592760c elementor-widget elementor-widget-text-editor\" data-id=\"592760c\" data-element_type=\"widget\" data-widget_type=\"text-editor.default\">\n\t\t\t\t<div class=\"elementor-widget-container\">\n\t\t\t\t\t\t\t<p>OPUS \u2013 <strong>SYZAX <\/strong>dispose d\u2019un progiciel modulaire et temps r\u00e9el tr\u00e8s utile pour les applications n\u00e9cessitant de configurer et de contr\u00f4ler des trajectoires complexes en environnement 3D.<\/p><p>L\u2019architecture logicielle la plus compl\u00e8te est illustr\u00e9e ci-dessous. Si vous avez une application avec des exigences de contr\u00f4le de trajectoires tridimensionnelles, contactez-nous. Nous serons heureux de vous en dire plus\u2026 et de vous soumettre une proposition si vous le souhaitez.<\/p>\t\t\t\t\t\t<\/div>\n\t\t\t\t<\/div>\n\t\t\t\t\t<\/div>\n\t\t<\/div>\n\t\t\t\t<div class=\"elementor-column elementor-col-25 elementor-inner-column elementor-element elementor-element-f2f8d7b\" data-id=\"f2f8d7b\" data-element_type=\"column\">\n\t\t\t<div class=\"elementor-widget-wrap\">\n\t\t\t\t\t\t\t<\/div>\n\t\t<\/div>\n\t\t\t\t\t<\/div>\n\t\t<\/section>\n\t\t\t\t<div class=\"elementor-element elementor-element-144cf3d elementor-widget elementor-widget-html\" data-id=\"144cf3d\" data-element_type=\"widget\" data-widget_type=\"html.default\">\n\t\t\t\t<div class=\"elementor-widget-container\">\n\t\t\t<div class=\"cq-hotspot-container\"><div class=\"hotspot-container cq-hotspot-icon-medium\" data-slideshow=\"false\" data-slideshowdelay=\"5\" data-maxwidth=\"0\" data-triggerby=\"mouseover\"  data-dropinease=\"false\"  data-animation=\"grow\" data-tooltipstyle=\"shadow\"><span class=\"cq-hotspot-tooltip cq-pulse-white\" data-cqtooltip=\"\" data-top=\"78.47522213228808%\" data-left=\"12.591402396053558%\" data-link=\"\" data-direction=\"top\" data-target=\"_self\" data-isdisplay=\"no\"  data-islightbox=\"no\" href=\"\" style=\"left:12.591402396053558%;top:78.47522213228808%;\"><i class=\"cq-hotspot-icon icon-circle\" style=\"background-color:rgba(0,0,0,0.55);color:FFFFFF;\" data-iconcolor=\"FFFFFF\" data-iconbg=\"rgba(0,0,0,0.55)\"><\/i><br \/><span class=\"cq-hotspot-label\" style=\"visibility:hidden;\"><\/span><div class=\"cq-hotspot-tooltipcontent\">BECKHOFF : interpr\u00e9teur code G, interpolateur de Trajectoires 3D    <\/div><\/span><span class=\"cq-hotspot-tooltip cq-pulse-white\" data-cqtooltip=\"\" data-top=\"92.88085342452051%\" data-left=\"49.8062015503876%\" data-link=\"\" data-direction=\"top\" data-target=\"_self\" data-isdisplay=\"no\"  data-islightbox=\"no\" href=\"\" style=\"left:49.8062015503876%;top:92.88085342452051%;\"><i class=\"cq-hotspot-icon icon-circle\" style=\"background-color:rgba(0,0,0,0.55);color:FFFFFF;\" data-iconcolor=\"FFFFFF\" data-iconbg=\"rgba(0,0,0,0.55)\"><\/i><br \/><span class=\"cq-hotspot-label\" style=\"visibility:hidden;\"><\/span><div class=\"cq-hotspot-tooltipcontent\">TOPSOLID 7 CAM : environnement CAM, g\u00e9n\u00e9rateur de trajectoires 3D<\/div><\/span><span class=\"cq-hotspot-tooltip cq-pulse-white\" data-cqtooltip=\"\" data-top=\"77.62261611357168%\" data-left=\"85.23185341789994%\" data-link=\"\" data-direction=\"top\" data-target=\"_self\" data-isdisplay=\"no\"  data-islightbox=\"no\" href=\"\" style=\"left:85.23185341789994%;top:77.62261611357168%;\"><i class=\"cq-hotspot-icon icon-circle\" style=\"background-color:rgba(0,0,0,0.55);color:FFFFFF;\" data-iconcolor=\"FFFFFF\" data-iconbg=\"rgba(0,0,0,0.55)\"><\/i><br \/><span class=\"cq-hotspot-label\" style=\"visibility:hidden;\"><\/span><div class=\"cq-hotspot-tooltipcontent\">OBJECTIS Machine : framework applicatif & IHM de haut niveau<\/div><\/span><img decoding=\"async\" src=\"http:\/\/syzax.com\/wp-content\/uploads\/2021\/03\/visuel-syzax-platform-1.jpg\" class=\"popover-image\"  \/><\/div><\/div>\t\t<\/div>\n\t\t\t\t<\/div>\n\t\t\t\t\t<\/div>\n\t\t<\/div>\n\t\t\t\t\t<\/div>\n\t\t<\/section>\n\t\t\t\t<\/div>\n\t\t","protected":false},"excerpt":{"rendered":"<p>Syst\u00e8me automatis\u00e9 Syst\u00e8mes partiellement ou enti\u00e8rement automatis\u00e9s \u00ab by OPUS \u00bb pour applications et clients exigeants Depuis pr\u00e8s de 20 ans, Opus SA est une soci\u00e9t\u00e9 High Tech qui d\u00e9ploie ses comp\u00e9tences dans le domaine [&hellip;]<\/p>\n","protected":false},"author":1,"featured_media":0,"parent":0,"menu_order":0,"comment_status":"closed","ping_status":"closed","template":"","meta":{"footnotes":""},"class_list":["post-5099","page","type-page","status-publish","hentry"],"yoast_head":"<!-- This site is optimized with the Yoast SEO plugin v25.1 - https:\/\/yoast.com\/wordpress\/plugins\/seo\/ -->\n<title>Plateforme SYZAX : moteur lin\u00e9aire pour applications sp\u00e9cifiques - SYZAX<\/title>\n<meta name=\"description\" content=\"Plateforme SYZAX avec moteurs lin\u00e9aires pour applications sp\u00e9cifiques : syst\u00e8me enti\u00e8rement ou semi-automatis\u00e9, enceintes de protection, modules rotatifs.\" \/>\n<meta name=\"robots\" content=\"index, follow, max-snippet:-1, max-image-preview:large, max-video-preview:-1\" \/>\n<link rel=\"canonical\" href=\"https:\/\/syzax.com\/fr\/plateforme-syzax\/\" \/>\n<meta property=\"og:locale\" content=\"fr_FR\" \/>\n<meta property=\"og:type\" content=\"article\" \/>\n<meta property=\"og:title\" content=\"Plateforme SYZAX : moteur lin\u00e9aire pour applications sp\u00e9cifiques - SYZAX\" \/>\n<meta property=\"og:description\" content=\"Plateforme SYZAX avec moteurs lin\u00e9aires pour applications sp\u00e9cifiques : syst\u00e8me enti\u00e8rement ou semi-automatis\u00e9, enceintes de protection, modules rotatifs.\" \/>\n<meta property=\"og:url\" content=\"https:\/\/syzax.com\/fr\/plateforme-syzax\/\" \/>\n<meta property=\"og:site_name\" content=\"SYZAX\" \/>\n<meta property=\"article:modified_time\" content=\"2021-04-07T07:18:51+00:00\" \/>\n<meta property=\"og:image\" content=\"https:\/\/syzax.com\/wp-content\/uploads\/2021\/03\/SYZAX-Automatise-ou-semi-automatise.jpg\" \/>\n<meta name=\"twitter:card\" content=\"summary_large_image\" \/>\n<meta name=\"twitter:label1\" content=\"Dur\u00e9e de lecture estim\u00e9e\" \/>\n\t<meta name=\"twitter:data1\" content=\"3 minutes\" \/>\n<script type=\"application\/ld+json\" class=\"yoast-schema-graph\">{\"@context\":\"https:\/\/schema.org\",\"@graph\":[{\"@type\":\"WebPage\",\"@id\":\"https:\/\/syzax.com\/fr\/plateforme-syzax\/\",\"url\":\"https:\/\/syzax.com\/fr\/plateforme-syzax\/\",\"name\":\"Plateforme SYZAX : moteur lin\u00e9aire pour applications sp\u00e9cifiques - SYZAX\",\"isPartOf\":{\"@id\":\"https:\/\/syzax.com\/fr\/#website\"},\"primaryImageOfPage\":{\"@id\":\"https:\/\/syzax.com\/fr\/plateforme-syzax\/#primaryimage\"},\"image\":{\"@id\":\"https:\/\/syzax.com\/fr\/plateforme-syzax\/#primaryimage\"},\"thumbnailUrl\":\"https:\/\/syzax.com\/wp-content\/uploads\/2021\/03\/SYZAX-Automatise-ou-semi-automatise.jpg\",\"datePublished\":\"2021-03-29T10:12:03+00:00\",\"dateModified\":\"2021-04-07T07:18:51+00:00\",\"description\":\"Plateforme SYZAX avec moteurs lin\u00e9aires pour applications sp\u00e9cifiques : syst\u00e8me enti\u00e8rement ou semi-automatis\u00e9, enceintes de protection, modules rotatifs.\",\"breadcrumb\":{\"@id\":\"https:\/\/syzax.com\/fr\/plateforme-syzax\/#breadcrumb\"},\"inLanguage\":\"fr-FR\",\"potentialAction\":[{\"@type\":\"ReadAction\",\"target\":[\"https:\/\/syzax.com\/fr\/plateforme-syzax\/\"]}]},{\"@type\":\"ImageObject\",\"inLanguage\":\"fr-FR\",\"@id\":\"https:\/\/syzax.com\/fr\/plateforme-syzax\/#primaryimage\",\"url\":\"https:\/\/syzax.com\/wp-content\/uploads\/2021\/03\/SYZAX-Automatise-ou-semi-automatise.jpg\",\"contentUrl\":\"https:\/\/syzax.com\/wp-content\/uploads\/2021\/03\/SYZAX-Automatise-ou-semi-automatise.jpg\"},{\"@type\":\"BreadcrumbList\",\"@id\":\"https:\/\/syzax.com\/fr\/plateforme-syzax\/#breadcrumb\",\"itemListElement\":[{\"@type\":\"ListItem\",\"position\":1,\"name\":\"Accueil\",\"item\":\"https:\/\/syzax.com\/fr\/\"},{\"@type\":\"ListItem\",\"position\":2,\"name\":\"Plateforme SYZAX\"}]},{\"@type\":\"WebSite\",\"@id\":\"https:\/\/syzax.com\/fr\/#website\",\"url\":\"https:\/\/syzax.com\/fr\/\",\"name\":\"SYZAX\",\"description\":\"The modular axis system\",\"publisher\":{\"@id\":\"https:\/\/syzax.com\/fr\/#organization\"},\"potentialAction\":[{\"@type\":\"SearchAction\",\"target\":{\"@type\":\"EntryPoint\",\"urlTemplate\":\"https:\/\/syzax.com\/fr\/?s={search_term_string}\"},\"query-input\":{\"@type\":\"PropertyValueSpecification\",\"valueRequired\":true,\"valueName\":\"search_term_string\"}}],\"inLanguage\":\"fr-FR\"},{\"@type\":\"Organization\",\"@id\":\"https:\/\/syzax.com\/fr\/#organization\",\"name\":\"SYZAX | The modular linear axis system\",\"url\":\"https:\/\/syzax.com\/fr\/\",\"logo\":{\"@type\":\"ImageObject\",\"inLanguage\":\"fr-FR\",\"@id\":\"https:\/\/syzax.com\/fr\/#\/schema\/logo\/image\/\",\"url\":\"\",\"contentUrl\":\"\",\"caption\":\"SYZAX | The modular linear axis system\"},\"image\":{\"@id\":\"https:\/\/syzax.com\/fr\/#\/schema\/logo\/image\/\"}}]}<\/script>\n<!-- \/ Yoast SEO plugin. -->","yoast_head_json":{"title":"Plateforme SYZAX : moteur lin\u00e9aire pour applications sp\u00e9cifiques - SYZAX","description":"Plateforme SYZAX avec moteurs lin\u00e9aires pour applications sp\u00e9cifiques : syst\u00e8me enti\u00e8rement ou semi-automatis\u00e9, enceintes de protection, modules rotatifs.","robots":{"index":"index","follow":"follow","max-snippet":"max-snippet:-1","max-image-preview":"max-image-preview:large","max-video-preview":"max-video-preview:-1"},"canonical":"https:\/\/syzax.com\/fr\/plateforme-syzax\/","og_locale":"fr_FR","og_type":"article","og_title":"Plateforme SYZAX : moteur lin\u00e9aire pour applications sp\u00e9cifiques - SYZAX","og_description":"Plateforme SYZAX avec moteurs lin\u00e9aires pour applications sp\u00e9cifiques : syst\u00e8me enti\u00e8rement ou semi-automatis\u00e9, enceintes de protection, modules rotatifs.","og_url":"https:\/\/syzax.com\/fr\/plateforme-syzax\/","og_site_name":"SYZAX","article_modified_time":"2021-04-07T07:18:51+00:00","og_image":[{"url":"https:\/\/syzax.com\/wp-content\/uploads\/2021\/03\/SYZAX-Automatise-ou-semi-automatise.jpg","type":"","width":"","height":""}],"twitter_card":"summary_large_image","twitter_misc":{"Dur\u00e9e de lecture estim\u00e9e":"3 minutes"},"schema":{"@context":"https:\/\/schema.org","@graph":[{"@type":"WebPage","@id":"https:\/\/syzax.com\/fr\/plateforme-syzax\/","url":"https:\/\/syzax.com\/fr\/plateforme-syzax\/","name":"Plateforme SYZAX : moteur lin\u00e9aire pour applications sp\u00e9cifiques - SYZAX","isPartOf":{"@id":"https:\/\/syzax.com\/fr\/#website"},"primaryImageOfPage":{"@id":"https:\/\/syzax.com\/fr\/plateforme-syzax\/#primaryimage"},"image":{"@id":"https:\/\/syzax.com\/fr\/plateforme-syzax\/#primaryimage"},"thumbnailUrl":"https:\/\/syzax.com\/wp-content\/uploads\/2021\/03\/SYZAX-Automatise-ou-semi-automatise.jpg","datePublished":"2021-03-29T10:12:03+00:00","dateModified":"2021-04-07T07:18:51+00:00","description":"Plateforme SYZAX avec moteurs lin\u00e9aires pour applications sp\u00e9cifiques : syst\u00e8me enti\u00e8rement ou semi-automatis\u00e9, enceintes de protection, modules rotatifs.","breadcrumb":{"@id":"https:\/\/syzax.com\/fr\/plateforme-syzax\/#breadcrumb"},"inLanguage":"fr-FR","potentialAction":[{"@type":"ReadAction","target":["https:\/\/syzax.com\/fr\/plateforme-syzax\/"]}]},{"@type":"ImageObject","inLanguage":"fr-FR","@id":"https:\/\/syzax.com\/fr\/plateforme-syzax\/#primaryimage","url":"https:\/\/syzax.com\/wp-content\/uploads\/2021\/03\/SYZAX-Automatise-ou-semi-automatise.jpg","contentUrl":"https:\/\/syzax.com\/wp-content\/uploads\/2021\/03\/SYZAX-Automatise-ou-semi-automatise.jpg"},{"@type":"BreadcrumbList","@id":"https:\/\/syzax.com\/fr\/plateforme-syzax\/#breadcrumb","itemListElement":[{"@type":"ListItem","position":1,"name":"Accueil","item":"https:\/\/syzax.com\/fr\/"},{"@type":"ListItem","position":2,"name":"Plateforme SYZAX"}]},{"@type":"WebSite","@id":"https:\/\/syzax.com\/fr\/#website","url":"https:\/\/syzax.com\/fr\/","name":"SYZAX","description":"The modular axis system","publisher":{"@id":"https:\/\/syzax.com\/fr\/#organization"},"potentialAction":[{"@type":"SearchAction","target":{"@type":"EntryPoint","urlTemplate":"https:\/\/syzax.com\/fr\/?s={search_term_string}"},"query-input":{"@type":"PropertyValueSpecification","valueRequired":true,"valueName":"search_term_string"}}],"inLanguage":"fr-FR"},{"@type":"Organization","@id":"https:\/\/syzax.com\/fr\/#organization","name":"SYZAX | The modular linear axis system","url":"https:\/\/syzax.com\/fr\/","logo":{"@type":"ImageObject","inLanguage":"fr-FR","@id":"https:\/\/syzax.com\/fr\/#\/schema\/logo\/image\/","url":"","contentUrl":"","caption":"SYZAX | The modular linear axis system"},"image":{"@id":"https:\/\/syzax.com\/fr\/#\/schema\/logo\/image\/"}}]}},"_links":{"self":[{"href":"https:\/\/syzax.com\/fr\/wp-json\/wp\/v2\/pages\/5099","targetHints":{"allow":["GET"]}}],"collection":[{"href":"https:\/\/syzax.com\/fr\/wp-json\/wp\/v2\/pages"}],"about":[{"href":"https:\/\/syzax.com\/fr\/wp-json\/wp\/v2\/types\/page"}],"author":[{"embeddable":true,"href":"https:\/\/syzax.com\/fr\/wp-json\/wp\/v2\/users\/1"}],"replies":[{"embeddable":true,"href":"https:\/\/syzax.com\/fr\/wp-json\/wp\/v2\/comments?post=5099"}],"version-history":[{"count":0,"href":"https:\/\/syzax.com\/fr\/wp-json\/wp\/v2\/pages\/5099\/revisions"}],"wp:attachment":[{"href":"https:\/\/syzax.com\/fr\/wp-json\/wp\/v2\/media?parent=5099"}],"curies":[{"name":"wp","href":"https:\/\/api.w.org\/{rel}","templated":true}]}}