{"id":3779,"date":"2020-12-08T14:29:29","date_gmt":"2020-12-08T13:29:29","guid":{"rendered":"https:\/\/syzax.com\/plan-du-site\/"},"modified":"2020-12-08T14:29:29","modified_gmt":"2020-12-08T13:29:29","slug":"plan-du-site","status":"publish","type":"page","link":"https:\/\/syzax.com\/fr\/plan-du-site\/","title":{"rendered":"Plan du site"},"content":{"rendered":"<div class=\"wsp-container\"><h2 class=\"wsp-pages-title\">Pages<\/h2>\n<ul class=\"wsp-pages-list\">\n<li class=\"page_item page-item-5121\"><a href=\"https:\/\/syzax.com\/fr\/donnees-techniques\/\">Donn\u00e9es techniques<\/a><\/li>\n<li class=\"page_item page-item-5146\"><a href=\"https:\/\/syzax.com\/fr\/pourquoi-syzax\/\">Pourquoi SYZAX ?<\/a><\/li>\n<li class=\"page_item page-item-5923 page_item_has_children\"><a href=\"https:\/\/syzax.com\/fr\/axes-lineaires\/\">Axes lin\u00e9aires<\/a>\n<ul class='children'>\n\t<li class=\"page_item page-item-5960\"><a href=\"https:\/\/syzax.com\/fr\/axes-lineaires\/axe-lineaire-syzax-compact\/\">Axe lin\u00e9aire <em>SYZAX COMPACT<\/em><\/a><\/li>\n\t<li class=\"page_item page-item-5966\"><a href=\"https:\/\/syzax.com\/fr\/axes-lineaires\/axe-lineaire-syzax-heavy\/\">Axe lin\u00e9aire <em>SYZAX HEAVY<\/em><\/a><\/li>\n\t<li class=\"page_item page-item-5980\"><a href=\"https:\/\/syzax.com\/fr\/axes-lineaires\/axe-lineaire-syzax-smart\/\">Axe lin\u00e9aire <em>SYZAX SMART<\/em><\/a><\/li>\n<\/ul>\n<\/li>\n<li class=\"page_item page-item-3778\"><a href=\"https:\/\/syzax.com\/fr\/politique-des-cookies-ue\/\">Politique des cookies (UE)<\/a><\/li>\n<li class=\"page_item page-item-3779\"><a href=\"https:\/\/syzax.com\/fr\/plan-du-site\/\">Plan du site<\/a><\/li>\n<li class=\"page_item page-item-3787\"><a href=\"https:\/\/syzax.com\/fr\/\">Un syst\u00e8me d\u2019axes modulaires UNIQUE<\/a><\/li>\n<li class=\"page_item page-item-3793\"><a href=\"https:\/\/syzax.com\/fr\/mentions-legales-et-politique-de-confidentialite\/\">Mentions l\u00e9gales et politique de confidentialit\u00e9<\/a><\/li>\n<li class=\"page_item page-item-6373\"><a href=\"https:\/\/syzax.com\/fr\/applications\/\">Applications<\/a><\/li>\n<li class=\"page_item page-item-5096\"><a href=\"https:\/\/syzax.com\/fr\/configurateur\/\">Configurateur<\/a><\/li>\n<li class=\"page_item page-item-5099\"><a href=\"https:\/\/syzax.com\/fr\/plateforme-syzax\/\">Plateforme SYZAX<\/a><\/li>\n<li class=\"page_item page-item-5112 page_item_has_children\"><a href=\"https:\/\/syzax.com\/fr\/caracteristiques-uniques\/\">Caract\u00e9ristiques uniques<\/a>\n<ul class='children'>\n\t<li class=\"page_item page-item-5134\"><a href=\"https:\/\/syzax.com\/fr\/caracteristiques-uniques\/aide-a-la-conception\/\">Aide \u00e0 la conception<\/a><\/li>\n\t<li class=\"page_item page-item-5136\"><a href=\"https:\/\/syzax.com\/fr\/caracteristiques-uniques\/modularite\/\">Modularit\u00e9<\/a><\/li>\n\t<li class=\"page_item page-item-5140\"><a href=\"https:\/\/syzax.com\/fr\/caracteristiques-uniques\/vue-d-ensemble\/\">Vue d\u2019ensemble<\/a><\/li>\n\t<li class=\"page_item page-item-5142\"><a href=\"https:\/\/syzax.com\/fr\/caracteristiques-uniques\/pret-pour-des-conditions-extremes\/\">Pr\u00eat pour des conditions extr\u00eames<\/a><\/li>\n\t<li class=\"page_item page-item-5144\"><a href=\"https:\/\/syzax.com\/fr\/caracteristiques-uniques\/user-friendly\/\">User friendly<\/a><\/li>\n\t<li class=\"page_item page-item-5113\"><a href=\"https:\/\/syzax.com\/fr\/caracteristiques-uniques\/compact-performant-precis\/\">Compact, Performant &amp; Pr\u00e9cis<\/a><\/li>\n<\/ul>\n<\/li>\n<li class=\"page_item page-item-3781\"><a href=\"https:\/\/syzax.com\/fr\/contact\/\">Contact<\/a><\/li>\n<\/ul>\n<\/div>\n<div class=\"wsp-container\"><\/div>\n","protected":false},"excerpt":{"rendered":"Pages Donn\u00e9es techniques Pourquoi SYZAX ? Axes lin\u00e9aires Axe lin\u00e9aire SYZAX COMPACT Axe lin\u00e9aire SYZAX HEAVY Axe lin\u00e9aire SYZAX SMART Politique des cookies (UE) Plan du site Un syst\u00e8me d\u2019axes modulaires UNIQUE Mentions l\u00e9gales et [...]","protected":false},"author":1,"featured_media":0,"parent":0,"menu_order":0,"comment_status":"closed","ping_status":"closed","template":"","meta":{"footnotes":""},"class_list":["post-3779","page","type-page","status-publish","hentry"],"yoast_head":"<!-- This site is optimized with the Yoast SEO plugin v25.1 - https:\/\/yoast.com\/wordpress\/plugins\/seo\/ -->\n<title>Plan du site - SYZAX<\/title>\n<meta name=\"robots\" content=\"index, follow, max-snippet:-1, max-image-preview:large, max-video-preview:-1\" \/>\n<link rel=\"canonical\" href=\"https:\/\/syzax.com\/fr\/plan-du-site\/\" \/>\n<meta property=\"og:locale\" content=\"fr_FR\" \/>\n<meta property=\"og:type\" content=\"article\" \/>\n<meta property=\"og:title\" content=\"Plan du site - SYZAX\" \/>\n<meta property=\"og:url\" content=\"https:\/\/syzax.com\/fr\/plan-du-site\/\" \/>\n<meta property=\"og:site_name\" content=\"SYZAX\" \/>\n<meta name=\"twitter:card\" content=\"summary_large_image\" \/>\n<script type=\"application\/ld+json\" class=\"yoast-schema-graph\">{\"@context\":\"https:\/\/schema.org\",\"@graph\":[{\"@type\":\"WebPage\",\"@id\":\"https:\/\/syzax.com\/fr\/plan-du-site\/\",\"url\":\"https:\/\/syzax.com\/fr\/plan-du-site\/\",\"name\":\"Plan du site - SYZAX\",\"isPartOf\":{\"@id\":\"https:\/\/syzax.com\/fr\/#website\"},\"datePublished\":\"2020-12-08T13:29:29+00:00\",\"breadcrumb\":{\"@id\":\"https:\/\/syzax.com\/fr\/plan-du-site\/#breadcrumb\"},\"inLanguage\":\"fr-FR\",\"potentialAction\":[{\"@type\":\"ReadAction\",\"target\":[\"https:\/\/syzax.com\/fr\/plan-du-site\/\"]}]},{\"@type\":\"BreadcrumbList\",\"@id\":\"https:\/\/syzax.com\/fr\/plan-du-site\/#breadcrumb\",\"itemListElement\":[{\"@type\":\"ListItem\",\"position\":1,\"name\":\"Accueil\",\"item\":\"https:\/\/syzax.com\/fr\/\"},{\"@type\":\"ListItem\",\"position\":2,\"name\":\"Plan du site\"}]},{\"@type\":\"WebSite\",\"@id\":\"https:\/\/syzax.com\/fr\/#website\",\"url\":\"https:\/\/syzax.com\/fr\/\",\"name\":\"SYZAX\",\"description\":\"The modular axis system\",\"publisher\":{\"@id\":\"https:\/\/syzax.com\/fr\/#organization\"},\"potentialAction\":[{\"@type\":\"SearchAction\",\"target\":{\"@type\":\"EntryPoint\",\"urlTemplate\":\"https:\/\/syzax.com\/fr\/?s={search_term_string}\"},\"query-input\":{\"@type\":\"PropertyValueSpecification\",\"valueRequired\":true,\"valueName\":\"search_term_string\"}}],\"inLanguage\":\"fr-FR\"},{\"@type\":\"Organization\",\"@id\":\"https:\/\/syzax.com\/fr\/#organization\",\"name\":\"SYZAX | The modular linear axis system\",\"url\":\"https:\/\/syzax.com\/fr\/\",\"logo\":{\"@type\":\"ImageObject\",\"inLanguage\":\"fr-FR\",\"@id\":\"https:\/\/syzax.com\/fr\/#\/schema\/logo\/image\/\",\"url\":\"\",\"contentUrl\":\"\",\"caption\":\"SYZAX | The modular linear axis system\"},\"image\":{\"@id\":\"https:\/\/syzax.com\/fr\/#\/schema\/logo\/image\/\"}}]}<\/script>\n<!-- \/ Yoast SEO plugin. -->","yoast_head_json":{"title":"Plan du site - SYZAX","robots":{"index":"index","follow":"follow","max-snippet":"max-snippet:-1","max-image-preview":"max-image-preview:large","max-video-preview":"max-video-preview:-1"},"canonical":"https:\/\/syzax.com\/fr\/plan-du-site\/","og_locale":"fr_FR","og_type":"article","og_title":"Plan du site - SYZAX","og_url":"https:\/\/syzax.com\/fr\/plan-du-site\/","og_site_name":"SYZAX","twitter_card":"summary_large_image","schema":{"@context":"https:\/\/schema.org","@graph":[{"@type":"WebPage","@id":"https:\/\/syzax.com\/fr\/plan-du-site\/","url":"https:\/\/syzax.com\/fr\/plan-du-site\/","name":"Plan du site - SYZAX","isPartOf":{"@id":"https:\/\/syzax.com\/fr\/#website"},"datePublished":"2020-12-08T13:29:29+00:00","breadcrumb":{"@id":"https:\/\/syzax.com\/fr\/plan-du-site\/#breadcrumb"},"inLanguage":"fr-FR","potentialAction":[{"@type":"ReadAction","target":["https:\/\/syzax.com\/fr\/plan-du-site\/"]}]},{"@type":"BreadcrumbList","@id":"https:\/\/syzax.com\/fr\/plan-du-site\/#breadcrumb","itemListElement":[{"@type":"ListItem","position":1,"name":"Accueil","item":"https:\/\/syzax.com\/fr\/"},{"@type":"ListItem","position":2,"name":"Plan du site"}]},{"@type":"WebSite","@id":"https:\/\/syzax.com\/fr\/#website","url":"https:\/\/syzax.com\/fr\/","name":"SYZAX","description":"The modular axis system","publisher":{"@id":"https:\/\/syzax.com\/fr\/#organization"},"potentialAction":[{"@type":"SearchAction","target":{"@type":"EntryPoint","urlTemplate":"https:\/\/syzax.com\/fr\/?s={search_term_string}"},"query-input":{"@type":"PropertyValueSpecification","valueRequired":true,"valueName":"search_term_string"}}],"inLanguage":"fr-FR"},{"@type":"Organization","@id":"https:\/\/syzax.com\/fr\/#organization","name":"SYZAX | The modular linear axis system","url":"https:\/\/syzax.com\/fr\/","logo":{"@type":"ImageObject","inLanguage":"fr-FR","@id":"https:\/\/syzax.com\/fr\/#\/schema\/logo\/image\/","url":"","contentUrl":"","caption":"SYZAX | The modular linear axis system"},"image":{"@id":"https:\/\/syzax.com\/fr\/#\/schema\/logo\/image\/"}}]}},"_links":{"self":[{"href":"https:\/\/syzax.com\/fr\/wp-json\/wp\/v2\/pages\/3779","targetHints":{"allow":["GET"]}}],"collection":[{"href":"https:\/\/syzax.com\/fr\/wp-json\/wp\/v2\/pages"}],"about":[{"href":"https:\/\/syzax.com\/fr\/wp-json\/wp\/v2\/types\/page"}],"author":[{"embeddable":true,"href":"https:\/\/syzax.com\/fr\/wp-json\/wp\/v2\/users\/1"}],"replies":[{"embeddable":true,"href":"https:\/\/syzax.com\/fr\/wp-json\/wp\/v2\/comments?post=3779"}],"version-history":[{"count":0,"href":"https:\/\/syzax.com\/fr\/wp-json\/wp\/v2\/pages\/3779\/revisions"}],"wp:attachment":[{"href":"https:\/\/syzax.com\/fr\/wp-json\/wp\/v2\/media?parent=3779"}],"curies":[{"name":"wp","href":"https:\/\/api.w.org\/{rel}","templated":true}]}}